{"id":13276,"date":"2017-11-12T18:28:41","date_gmt":"2017-11-12T18:28:41","guid":{"rendered":"https:\/\/sitgeshosting.com\/diseno-web\/?page_id=13276"},"modified":"2017-11-12T18:30:35","modified_gmt":"2017-11-12T18:30:35","slug":"dominios-y-hosting","status":"publish","type":"page","link":"https:\/\/sitgeshosting.com\/diseno-web\/dominios-y-hosting\/","title":{"rendered":"Dominios y Hosting"},"content":{"rendered":"<div id=\"pl-13276\"  class=\"panel-layout\" >\n<div id=\"pg-13276-0\"  class=\"panel-grid panel-has-style\"  data-style=\"{&quot;cell_alignment&quot;:&quot;flex-start&quot;,&quot;align&quot;:&quot;&quot;,&quot;overlay&quot;:&quot;&quot;,&quot;overlay_color&quot;:&quot;#000000&quot;}\" >\n<div style=\"padding: 100px 0; \" data-overlay=\"true\" data-overlay-color=\"#000000\" class=\"panel-row-style panel-row-style-for-13276-0\" >\n<div id=\"pgc-13276-0-0\"  class=\"panel-grid-cell\"  data-weight=\"1\" >\n<div id=\"panel-13276-0-0-0\" class=\"so-panel widget widget_sow-editor panel-first-child panel-last-child\" data-index=\"0\" data-style=\"{&quot;background_image_attachment&quot;:false,&quot;background_display&quot;:&quot;tile&quot;,&quot;content_alignment&quot;:&quot;left&quot;,&quot;title_color&quot;:&quot;#443f3f&quot;,&quot;headings_color&quot;:&quot;#443f3f&quot;}\" >\n<div style=\"text-align: left;\" data-title-color=\"#443f3f\" data-headings-color=\"#443f3f\" class=\"panel-widget-style panel-widget-style-for-13276-0-0-0\" >\n<div class=\"so-widget-sow-editor so-widget-sow-editor-base\">\n<div class=\"siteorigin-widget-tinymce textwidget\">\n<p>Toda web necesita un dominio ( nombre ne internet ) y un Hosting ( hospedaje &#8211; lugar donde alojarnos en Internet)<\/p>\n<p><strong>Registre su dominio .com .es. net .org .es .eu .mobi \u2026<\/strong><\/p>\n<p>Nuestro servicio de registro de dominios le permite hacerse con la propiedad de un nombre para su uso exclusivo en Internet de un modo sencillo, eficaz y a un precio realmante competitivo, y por supuesto, el dominio con sus datos de Registrante.<br \/> Si dispone de un nombre de dominio propio, al contratar cualquier plan de alojamiento web, podr\u00e1 disponer de sus buzones de correo electr\u00f3nico con su propio nombre de dominio. En Sitges es la mejor opcion.<\/p>\n<p><strong>Aloje su web con total garantia \/ Desde 7.5 \u20ac\/m\u00e9s<\/strong>.<\/p>\n<p>Si tiene ya un dominio registrado en cualquier otro proveedor y lo traslada con nosotros, por tan solo 15.70 \u20ac le a\u00f1adimos 1 a\u00f1o m\u00e1s a su fecha de expiraci\u00f3n y no le cobramos nada por su gesti\u00f3n ni por el traslado del mismo<\/p>\n<p><strong>TRASLADO Y PARQUING GRATIS A NUESTROS CLIENTES \/ PARQUING TRASLADO: 0 \u20ac<\/strong><\/p>\n<p>Si ya es cliente y registra mas de un dominio se le aplicara un descuento del <strong>10%<\/strong> en cada nuevo dominio registrado.<br \/> Si desea registrar un dominio territorial,.fr\/.co.uk \/ .com.ar \/ etc\u2026<br \/> pongase en contacto <a href=\"mailto:info@sitgeshosting.com\">info@sitgeshosting.com<\/a><\/p>\n<p><strong>Dominios Gen\u00e9ricos<\/strong> <strong>.com<\/strong>: el m\u00e1s popular e inicialmente orientado al COMercio.<br \/> <strong>.net<\/strong>: inicialmente orientado a servicios de LA RED (NET).<br \/> <strong>.org<\/strong>: inicialmente orientado a organizaciones sin \u00e1nimo de lucro.<br \/> <strong>.biz<\/strong>: creado para empresas y negocios (en ingl\u00e9s \u201cbusiness\u201d y de ah\u00ed BIZ).<br \/> <strong>.info<\/strong>: pensado para ofrecer informaci\u00f3n a un p\u00fablico muy amplio.<br \/> Actualmente el registro de estos dominios es completamente abierto, por lo que el que primero lo solicita es quien se lo queda.<\/p>\n<p><strong>Dominios .es<\/strong><br \/> Son dominios bajo la extensi\u00f3n territorial espa\u00f1ola .es:<br \/> <strong>.es, .com.es, .nom.es, .org.es<\/strong>: pueden registrarse libremente sus nombres de dominio bajo estas extensiones sin condiciones especiales, del mismo modo que si se tratara de dominios gen\u00e9ricos.<\/p>\n<p><strong>Dominios .eu<\/strong><br \/> Son dominios para la identidad de la Uni\u00f3n Europea en Internet<br \/> Cualquier residente en uno de los pa\u00edses miembro de la uni\u00f3n Europea puede registrar libremente un dominio .eu.<\/p>\n<p><strong>Dominios .mobi<\/strong><br \/> Son extensiones de dominios creados especificamente para su uso a trav\u00e9s de dispositivos m\u00f3viles.<br \/> En la actualidad cada vez m\u00e1s usuarios acceden a internet desde su tel\u00e9fono m\u00f3vil. En el m\u00fando ya hay m\u00e1s tel\u00e9fonos m\u00f3viles que ordenadores personales. Por tanto es muy importante preparar su sitio web para este tipo de terminales.<\/p>\n<p><strong>Dominios .tel<\/strong><br \/> Es una nueva e inovadora extensi\u00f3n que le permite gestionar la forma de contactar con usted: tel\u00e9fono fijo, m\u00f3vil, fax, e-mail, web, Skype, Msn, etc\u2026, cuando usted quiera, en tiempo real y sin necesidad de alojamiento.<br \/> Piense que para sus clientes es m\u00e1s f\u00e1cil recordarse de un sunombre.tel que de cualquier otro dato como direcci\u00f3n, n\u00fameros de tel\u00e9fono, etc\u2026, Adem\u00e1s desde un tel\u00e9fono m\u00f3vil podr\u00e1n llamar de forma inmediata. (Video)<br \/> Geolocalizaci\u00f3n: indicar como llegar a su negocio.<\/p>\n<p><strong>Dominios .cat<\/strong><br \/> Identifica la comunidad ling\u00fc\u00edstica y cultural catalana en internet.<br \/> Puede registrar un .cat todo el que pueda demostrar su relaci\u00f3n con la comunidad cultural y ling\u00fc\u00edstica catalana en internet: quien se comunique en l\u00ednea en catal\u00e1n, quien tenga una web en catal\u00e1n, tambie\u00b4n empresas, grupos o particulares no establecidos en el \u00e1rea ling\u00fc\u00edstica catalana que quieran dirigir sus servicios a la comunidad y lengua catalanas.<\/p>\n<p><strong>Dominios Territoriales<\/strong><br \/> Existen m\u00e1s de 200 tipos de dominios territoriales, cada uno identificado con un pa\u00eds distinto. En datahousing.net le asesoramos sobre los requerimientos de cada pa\u00eds para registrar este tipo de dominios, bien para garantizar su nombre en internet, o porque las extensiones gen\u00e9ricas ya est\u00e1n registradas por terceros.<\/p>\n<h2>Sus datos personales aparecen en Internet!<\/h2>\n<p>Oculte los datos de titularidad de sus dominios con <strong>Whois Privado<\/strong> y evite el spam y otros contactos no deseados<\/p>\n<p>\u00bb Proteja ya su identidad en Internet<\/p>\n<h3><a title=\"who is privado\" href=\"https:\/\/sitgeshosting.com\/diseno-web\/who-is-privado\/\" target=\"_self\">Whois Privado \u2013 Informacion<\/a><\/h3>\n<p>Algunos dominios tiene gastos administrativos, consulte antes de contratar.<\/p>\n<p>Los dominios se pueden contratar de 1 a 10 a\u00f1os, aconsejando hacerlo por un periodo anual renovable automaticamente al terminar el periodo de contratacion, salvo indicacion del titular. <strong>El registro de mas de 5 a\u00f1os tiene descuento.<\/strong><\/p>\n<p>P\u00e1gina de parking de cortesia<br \/> Si registra su dominio y todav\u00eda no dispone de alojamiento web, si alg\u00fan usuario teclea su direcci\u00f3n en un navegador, acceder\u00e1 a un p\u00e1gina de cortes\u00eda en la que se mostrar\u00e1 el mensaje \u201cdominio en parking\u201d, en lugar de la pagina de \u201cdocumento no encontrado\u201d que muestra el navegador por defecto, favoreciendo de este modo que su p\u00e1gina sea visitada en otra ocasi\u00f3n y evitando que el usuario interprete que el dominio no existe o que cometi\u00f3 un error al escribir la direcci\u00f3n.<\/p>\n<p><strong>Aloje su web con total garantia \/ Desde 7.5 \u20ac\/m\u00e9s<\/strong>.<\/p>\n<p>Tenemos una gama muy amplia de soluciones de Alojamiento Web, para que disponga del plan de alojamiento que realmente se adecua a sus necesidades.<br \/> Desde sencillos planes de alojamiento web a avanzados planes multidominio.<br \/> Disponemos de 2 planes de alojamiento para adaptarnos a sus necesidades para su presencia en Internet.<\/p>\n<p>Ofrecemos la soluci\u00f3n mas adecuada tanto para peque\u00f1as webs hasta aplicaciones exigentes con bases de datos, comercio electr\u00f3nico, etc. que cubrir\u00e1n cualquier exigencia.<\/p>\n<p>En cualquier momento puede cambiar de un plan a otro superior abonando s\u00f3lo la diferencia.<\/p>\n<\/div>\n<\/div>\n<\/div>\n<\/div>\n<\/div>\n<\/div>\n<\/div>\n<\/div>\n","protected":false},"excerpt":{"rendered":"<p>Toda web necesita un dominio ( nombre ne internet ) y un Hosting ( hospedaje &#8211; lugar donde alojarnos en Internet) Registre [&hellip;]<\/p>\n","protected":false},"author":1,"featured_media":0,"parent":0,"menu_order":0,"comment_status":"closed","ping_status":"closed","template":"","meta":{"footnotes":""},"class_list":["post-13276","page","type-page","status-publish","hentry"],"yoast_head":"<!-- This site is optimized with the Yoast SEO plugin v25.9 - https:\/\/yoast.com\/wordpress\/plugins\/seo\/ -->\n<title>Dominios y Hosting - Dise\u00f1o de webs en Sitges<\/title>\n<meta name=\"robots\" content=\"index, follow, max-snippet:-1, max-image-preview:large, max-video-preview:-1\" \/>\n<link rel=\"canonical\" href=\"https:\/\/sitgeshosting.com\/diseno-web\/dominios-y-hosting\/\" \/>\n<meta property=\"og:locale\" content=\"es_ES\" \/>\n<meta property=\"og:type\" content=\"article\" \/>\n<meta property=\"og:title\" content=\"Dominios y Hosting - Dise\u00f1o de webs en Sitges\" \/>\n<meta property=\"og:description\" content=\"Toda web necesita un dominio ( nombre ne internet ) y un Hosting ( hospedaje &#8211; lugar donde alojarnos en Internet) Registre [&hellip;]\" \/>\n<meta property=\"og:url\" content=\"https:\/\/sitgeshosting.com\/diseno-web\/dominios-y-hosting\/\" \/>\n<meta property=\"og:site_name\" content=\"Dise\u00f1o de webs en Sitges\" \/>\n<meta property=\"article:modified_time\" content=\"2017-11-12T18:30:35+00:00\" \/>\n<meta name=\"twitter:card\" content=\"summary_large_image\" \/>\n<meta name=\"twitter:label1\" content=\"Tiempo de lectura\" \/>\n\t<meta name=\"twitter:data1\" content=\"5 minutos\" \/>\n<script type=\"application\/ld+json\" class=\"yoast-schema-graph\">{\"@context\":\"https:\/\/schema.org\",\"@graph\":[{\"@type\":\"WebPage\",\"@id\":\"https:\/\/sitgeshosting.com\/diseno-web\/dominios-y-hosting\/\",\"url\":\"https:\/\/sitgeshosting.com\/diseno-web\/dominios-y-hosting\/\",\"name\":\"Dominios y Hosting - Dise\u00f1o de webs en Sitges\",\"isPartOf\":{\"@id\":\"https:\/\/sitgeshosting.com\/diseno-web\/#website\"},\"datePublished\":\"2017-11-12T18:28:41+00:00\",\"dateModified\":\"2017-11-12T18:30:35+00:00\",\"breadcrumb\":{\"@id\":\"https:\/\/sitgeshosting.com\/diseno-web\/dominios-y-hosting\/#breadcrumb\"},\"inLanguage\":\"es\",\"potentialAction\":[{\"@type\":\"ReadAction\",\"target\":[\"https:\/\/sitgeshosting.com\/diseno-web\/dominios-y-hosting\/\"]}]},{\"@type\":\"BreadcrumbList\",\"@id\":\"https:\/\/sitgeshosting.com\/diseno-web\/dominios-y-hosting\/#breadcrumb\",\"itemListElement\":[{\"@type\":\"ListItem\",\"position\":1,\"name\":\"Portada\",\"item\":\"https:\/\/sitgeshosting.com\/diseno-web\/\"},{\"@type\":\"ListItem\",\"position\":2,\"name\":\"Dominios y Hosting\"}]},{\"@type\":\"WebSite\",\"@id\":\"https:\/\/sitgeshosting.com\/diseno-web\/#website\",\"url\":\"https:\/\/sitgeshosting.com\/diseno-web\/\",\"name\":\"Dise\u00f1o de webs en Sitges\",\"description\":\"678445830 - Marqueting SEO-SEM\",\"publisher\":{\"@id\":\"https:\/\/sitgeshosting.com\/diseno-web\/#organization\"},\"potentialAction\":[{\"@type\":\"SearchAction\",\"target\":{\"@type\":\"EntryPoint\",\"urlTemplate\":\"https:\/\/sitgeshosting.com\/diseno-web\/?s={search_term_string}\"},\"query-input\":{\"@type\":\"PropertyValueSpecification\",\"valueRequired\":true,\"valueName\":\"search_term_string\"}}],\"inLanguage\":\"es\"},{\"@type\":\"Organization\",\"@id\":\"https:\/\/sitgeshosting.com\/diseno-web\/#organization\",\"name\":\"EFCOM S.L.\",\"url\":\"https:\/\/sitgeshosting.com\/diseno-web\/\",\"logo\":{\"@type\":\"ImageObject\",\"inLanguage\":\"es\",\"@id\":\"https:\/\/sitgeshosting.com\/diseno-web\/#\/schema\/logo\/image\/\",\"url\":\"https:\/\/sitgeshosting.com\/diseno-web\/wp-content\/uploads\/2018\/01\/logo-sitges-hosting-300x86.png\",\"contentUrl\":\"https:\/\/sitgeshosting.com\/diseno-web\/wp-content\/uploads\/2018\/01\/logo-sitges-hosting-300x86.png\",\"width\":300,\"height\":86,\"caption\":\"EFCOM S.L.\"},\"image\":{\"@id\":\"https:\/\/sitgeshosting.com\/diseno-web\/#\/schema\/logo\/image\/\"}}]}<\/script>\n<!-- \/ Yoast SEO plugin. -->","yoast_head_json":{"title":"Dominios y Hosting - Dise\u00f1o de webs en Sitges","robots":{"index":"index","follow":"follow","max-snippet":"max-snippet:-1","max-image-preview":"max-image-preview:large","max-video-preview":"max-video-preview:-1"},"canonical":"https:\/\/sitgeshosting.com\/diseno-web\/dominios-y-hosting\/","og_locale":"es_ES","og_type":"article","og_title":"Dominios y Hosting - Dise\u00f1o de webs en Sitges","og_description":"Toda web necesita un dominio ( nombre ne internet ) y un Hosting ( hospedaje &#8211; lugar donde alojarnos en Internet) Registre [&hellip;]","og_url":"https:\/\/sitgeshosting.com\/diseno-web\/dominios-y-hosting\/","og_site_name":"Dise\u00f1o de webs en Sitges","article_modified_time":"2017-11-12T18:30:35+00:00","twitter_card":"summary_large_image","twitter_misc":{"Tiempo de lectura":"5 minutos"},"schema":{"@context":"https:\/\/schema.org","@graph":[{"@type":"WebPage","@id":"https:\/\/sitgeshosting.com\/diseno-web\/dominios-y-hosting\/","url":"https:\/\/sitgeshosting.com\/diseno-web\/dominios-y-hosting\/","name":"Dominios y Hosting - Dise\u00f1o de webs en Sitges","isPartOf":{"@id":"https:\/\/sitgeshosting.com\/diseno-web\/#website"},"datePublished":"2017-11-12T18:28:41+00:00","dateModified":"2017-11-12T18:30:35+00:00","breadcrumb":{"@id":"https:\/\/sitgeshosting.com\/diseno-web\/dominios-y-hosting\/#breadcrumb"},"inLanguage":"es","potentialAction":[{"@type":"ReadAction","target":["https:\/\/sitgeshosting.com\/diseno-web\/dominios-y-hosting\/"]}]},{"@type":"BreadcrumbList","@id":"https:\/\/sitgeshosting.com\/diseno-web\/dominios-y-hosting\/#breadcrumb","itemListElement":[{"@type":"ListItem","position":1,"name":"Portada","item":"https:\/\/sitgeshosting.com\/diseno-web\/"},{"@type":"ListItem","position":2,"name":"Dominios y Hosting"}]},{"@type":"WebSite","@id":"https:\/\/sitgeshosting.com\/diseno-web\/#website","url":"https:\/\/sitgeshosting.com\/diseno-web\/","name":"Dise\u00f1o de webs en Sitges","description":"678445830 - Marqueting SEO-SEM","publisher":{"@id":"https:\/\/sitgeshosting.com\/diseno-web\/#organization"},"potentialAction":[{"@type":"SearchAction","target":{"@type":"EntryPoint","urlTemplate":"https:\/\/sitgeshosting.com\/diseno-web\/?s={search_term_string}"},"query-input":{"@type":"PropertyValueSpecification","valueRequired":true,"valueName":"search_term_string"}}],"inLanguage":"es"},{"@type":"Organization","@id":"https:\/\/sitgeshosting.com\/diseno-web\/#organization","name":"EFCOM S.L.","url":"https:\/\/sitgeshosting.com\/diseno-web\/","logo":{"@type":"ImageObject","inLanguage":"es","@id":"https:\/\/sitgeshosting.com\/diseno-web\/#\/schema\/logo\/image\/","url":"https:\/\/sitgeshosting.com\/diseno-web\/wp-content\/uploads\/2018\/01\/logo-sitges-hosting-300x86.png","contentUrl":"https:\/\/sitgeshosting.com\/diseno-web\/wp-content\/uploads\/2018\/01\/logo-sitges-hosting-300x86.png","width":300,"height":86,"caption":"EFCOM S.L."},"image":{"@id":"https:\/\/sitgeshosting.com\/diseno-web\/#\/schema\/logo\/image\/"}}]}},"_links":{"self":[{"href":"https:\/\/sitgeshosting.com\/diseno-web\/wp-json\/wp\/v2\/pages\/13276","targetHints":{"allow":["GET"]}}],"collection":[{"href":"https:\/\/sitgeshosting.com\/diseno-web\/wp-json\/wp\/v2\/pages"}],"about":[{"href":"https:\/\/sitgeshosting.com\/diseno-web\/wp-json\/wp\/v2\/types\/page"}],"author":[{"embeddable":true,"href":"https:\/\/sitgeshosting.com\/diseno-web\/wp-json\/wp\/v2\/users\/1"}],"replies":[{"embeddable":true,"href":"https:\/\/sitgeshosting.com\/diseno-web\/wp-json\/wp\/v2\/comments?post=13276"}],"version-history":[{"count":0,"href":"https:\/\/sitgeshosting.com\/diseno-web\/wp-json\/wp\/v2\/pages\/13276\/revisions"}],"wp:attachment":[{"href":"https:\/\/sitgeshosting.com\/diseno-web\/wp-json\/wp\/v2\/media?parent=13276"}],"curies":[{"name":"wp","href":"https:\/\/api.w.org\/{rel}","templated":true}]}}