{"id":13296,"date":"2017-11-12T18:43:24","date_gmt":"2017-11-12T18:43:24","guid":{"rendered":"https:\/\/sitgeshosting.com\/diseno-web\/?page_id=13296"},"modified":"2022-05-19T11:13:56","modified_gmt":"2022-05-19T11:13:56","slug":"ley-cookies-sitges-adaptacion","status":"publish","type":"page","link":"https:\/\/sitgeshosting.com\/diseno-web\/ley-cookies-sitges-adaptacion\/","title":{"rendered":"Ley Cookies Sitges, Adaptaci\u00f3n Nueva ley de cookies 2021 RGPD"},"content":{"rendered":"<div id=\"pl-13296\"  class=\"panel-layout\" >\n<div id=\"pg-13296-0\"  class=\"panel-grid panel-has-style\"  data-style=\"{&quot;cell_alignment&quot;:&quot;flex-start&quot;,&quot;align&quot;:&quot;&quot;,&quot;background_image&quot;:false,&quot;overlay&quot;:&quot;&quot;,&quot;overlay_color&quot;:&quot;#000000&quot;}\" >\n<div style=\"padding: 100px 0; \" data-overlay=\"true\" data-overlay-color=\"#000000\" class=\"panel-row-style panel-row-style-for-13296-0\" >\n<div id=\"pgc-13296-0-0\"  class=\"panel-grid-cell\"  data-weight=\"1\" >\n<div id=\"panel-13296-0-0-0\" class=\"so-panel widget widget_sow-editor panel-first-child panel-last-child\" data-index=\"0\" data-style=\"{&quot;background_image_attachment&quot;:false,&quot;background_display&quot;:&quot;tile&quot;,&quot;content_alignment&quot;:&quot;left&quot;,&quot;title_color&quot;:&quot;#443f3f&quot;,&quot;headings_color&quot;:&quot;#443f3f&quot;}\" >\n<div style=\"text-align: left;\" data-title-color=\"#443f3f\" data-headings-color=\"#443f3f\" class=\"panel-widget-style panel-widget-style-for-13296-0-0-0\" >\n<div class=\"so-widget-sow-editor so-widget-sow-editor-base\">\n<div class=\"siteorigin-widget-tinymce textwidget\">\n<header>\n<h1>Ley de Cookies,<\/h1>\n<h1>Adaptaci\u00f3n a la normativa &#8211; Nueva ley de cookies 2021 RGPD<\/h1>\n<\/header>\n<p class=\"text-align-justify\">La Agencia Espa\u00f1ola de Protecci\u00f3n de Datos (AEPD) ha actualizado la <a href=\"https:\/\/www.aepd.es\/sites\/default\/files\/2020-07\/guia-cookies.pdf\" target=\"_blank\" rel=\"noopener\">Gu\u00eda sobre el uso de las cookies<\/a> para adaptarla a las Directrices sobre consentimiento modificadas en mayo de 2020 por el Comit\u00e9 Europeo de Protecci\u00f3n de Datos (CEPD). La nueva versi\u00f3n de la Gu\u00eda realizada por la Agencia ha contado, tal y como ocurri\u00f3 con versiones anteriores, con la participaci\u00f3n de los sectores afectados (las asociaciones ADIGITAL, Asociaci\u00f3n Espa\u00f1ola de Anunciantes, AUTOCONTROL e IAB Spain).<\/p>\n<p class=\"text-align-justify\">El Comit\u00e9 Europeo de Protecci\u00f3n de Datos ha revisado en mayo de 2020 <a title=\"https:\/\/edpb.europa.eu\/sites\/edpb\/files\/files\/file1\/edpb_guidelines_202005_consent_en.pdf\" href=\"https:\/\/edpb.europa.eu\/sites\/edpb\/files\/files\/file1\/edpb_guidelines_202005_consent_en.pdf\" target=\"_blank\" rel=\"noopener\">las Directrices 05\/2020 sobre consentimiento<\/a> con el fin de aclarar su posici\u00f3n en relaci\u00f3n con dos cuestiones: la validez de la opci\u00f3n \u201cseguir navegando\u201d como forma de prestar el consentimiento por parte de los usuarios y la posibilidad de utilizar los conocidos como \u201cmuros de cookies\u201d, es decir, de limitar el acceso a determinados servicios o contenidos s\u00f3lo a los usuarios que acepten el uso de cookies.<\/p>\n<p class=\"text-align-justify\">En relaci\u00f3n con el primero de estos puntos, el Comit\u00e9 considera que <u>la opci\u00f3n de \u201cseguir navegando\u201d no constituye en ninguna circunstancia una forma v\u00e1lida de prestar el consentimiento<\/u>, en la medida en que tales acciones pueden ser dif\u00edciles de distinguir de otras actividades o interacciones del usuario, por lo que no ser\u00eda posible entender que el consentimiento es inequ\u00edvoco.<\/p>\n<p class=\"text-align-justify\">Respecto a los \u201cmuros de cookies\u201d, el Comit\u00e9 ha precisado que, para que el consentimiento pueda considerarse otorgado libremente, el acceso al servicio y a sus funcionalidades no debe estar condicionado a que el usuario consienta el uso de cookies.<\/p>\n<p class=\"text-align-justify\">Por ello, la Gu\u00eda explicita que <u>no podr\u00e1n utilizarse los denominados \u201cmuros de cookies\u00bb que no ofrezcan una alternativa al consentimiento<\/u>. Este criterio resulta especialmente importante en aquellos supuestos en los que la denegaci\u00f3n de acceso impedir\u00eda el ejercicio de un derecho legalmente reconocido al usuario, por ser, por ejemplo, el acceso a un sitio web el \u00fanico medio facilitado al usuario para ejercitar tal derecho.<\/p>\n<p class=\"text-align-justify\">Podr\u00e1n existir determinados supuestos en los que la no aceptaci\u00f3n de la utilizaci\u00f3n de cookies impida el acceso al sitio web o la utilizaci\u00f3n total o parcial del servicio, siempre que se informe adecuadamente al respecto al usuario y se ofrezca una alternativa de acceso al servicio sin necesidad de aceptar el uso de cookies. Conforme establecen las Directrices 05\/2020 sobre el consentimiento del CEPD, los servicios de ambas alternativas deber\u00e1n ser genuinamente equivalentes, y adem\u00e1s no ser\u00e1 v\u00e1lido que el servicio equivalente lo ofrezca una entidad ajena al editor.<\/p>\n<p class=\"text-align-justify\"><u>Estos nuevos criterios deber\u00e1n implementarse, a m\u00e1s tardar, el 31 de octubre de 2020<\/u>, estableci\u00e9ndose as\u00ed un periodo transitorio de tres meses para introducir los cambios necesarios en los mecanismos de obtenci\u00f3n del consentimiento para el uso de cookies que se est\u00e9n utilizando.<\/p>\n<h3>Necesito un poco de ayuda para adaptarme<\/h3>\n<p>No se preocupe, para eso estamos nosotros. Intentaremos que del desarrollo sea lo m\u00e1s sencillo y transparente posible para Ud intentando a la vez que no suponga un gran coste adaptar la ley de cookies<\/p>\n<p><strong><a title=\"Contacto\" href=\"https:\/\/sitgeshosting.com\/diseno-web\/contacto-web-sitges\/\">Contacta\u00a0<\/a> o ll\u00e1manos (93 811 10 46).<\/strong><\/p>\n<\/div>\n<\/div>\n<\/div>\n<\/div>\n<\/div>\n<\/div>\n<\/div>\n<\/div>\n","protected":false},"excerpt":{"rendered":"<p>Ley de Cookies, Adaptaci\u00f3n a la normativa &#8211; Nueva ley de cookies 2021 RGPD La Agencia Espa\u00f1ola de Protecci\u00f3n de Datos (AEPD) [&hellip;]<\/p>\n","protected":false},"author":1,"featured_media":0,"parent":0,"menu_order":0,"comment_status":"closed","ping_status":"closed","template":"","meta":{"footnotes":""},"class_list":["post-13296","page","type-page","status-publish","hentry"],"yoast_head":"<!-- This site is optimized with the Yoast SEO plugin v25.9 - https:\/\/yoast.com\/wordpress\/plugins\/seo\/ -->\n<title>Ley Cookies Sitges, Adaptaci\u00f3n Nueva ley de cookies 2021 RGPD - Dise\u00f1o de webs en Sitges<\/title>\n<meta name=\"robots\" content=\"index, follow, max-snippet:-1, max-image-preview:large, max-video-preview:-1\" \/>\n<link rel=\"canonical\" href=\"https:\/\/sitgeshosting.com\/diseno-web\/ley-cookies-sitges-adaptacion\/\" \/>\n<meta property=\"og:locale\" content=\"es_ES\" \/>\n<meta property=\"og:type\" content=\"article\" \/>\n<meta property=\"og:title\" content=\"Ley Cookies Sitges, Adaptaci\u00f3n Nueva ley de cookies 2021 RGPD - Dise\u00f1o de webs en Sitges\" \/>\n<meta property=\"og:description\" content=\"Ley de Cookies, Adaptaci\u00f3n a la normativa &#8211; Nueva ley de cookies 2021 RGPD La Agencia Espa\u00f1ola de Protecci\u00f3n de Datos (AEPD) [&hellip;]\" \/>\n<meta property=\"og:url\" content=\"https:\/\/sitgeshosting.com\/diseno-web\/ley-cookies-sitges-adaptacion\/\" \/>\n<meta property=\"og:site_name\" content=\"Dise\u00f1o de webs en Sitges\" \/>\n<meta property=\"article:modified_time\" content=\"2022-05-19T11:13:56+00:00\" \/>\n<meta name=\"twitter:card\" content=\"summary_large_image\" \/>\n<meta name=\"twitter:label1\" content=\"Tiempo de lectura\" \/>\n\t<meta name=\"twitter:data1\" content=\"3 minutos\" \/>\n<script type=\"application\/ld+json\" class=\"yoast-schema-graph\">{\"@context\":\"https:\/\/schema.org\",\"@graph\":[{\"@type\":\"WebPage\",\"@id\":\"https:\/\/sitgeshosting.com\/diseno-web\/ley-cookies-sitges-adaptacion\/\",\"url\":\"https:\/\/sitgeshosting.com\/diseno-web\/ley-cookies-sitges-adaptacion\/\",\"name\":\"Ley Cookies Sitges, Adaptaci\u00f3n Nueva ley de cookies 2021 RGPD - Dise\u00f1o de webs en Sitges\",\"isPartOf\":{\"@id\":\"https:\/\/sitgeshosting.com\/diseno-web\/#website\"},\"datePublished\":\"2017-11-12T18:43:24+00:00\",\"dateModified\":\"2022-05-19T11:13:56+00:00\",\"breadcrumb\":{\"@id\":\"https:\/\/sitgeshosting.com\/diseno-web\/ley-cookies-sitges-adaptacion\/#breadcrumb\"},\"inLanguage\":\"es\",\"potentialAction\":[{\"@type\":\"ReadAction\",\"target\":[\"https:\/\/sitgeshosting.com\/diseno-web\/ley-cookies-sitges-adaptacion\/\"]}]},{\"@type\":\"BreadcrumbList\",\"@id\":\"https:\/\/sitgeshosting.com\/diseno-web\/ley-cookies-sitges-adaptacion\/#breadcrumb\",\"itemListElement\":[{\"@type\":\"ListItem\",\"position\":1,\"name\":\"Portada\",\"item\":\"https:\/\/sitgeshosting.com\/diseno-web\/\"},{\"@type\":\"ListItem\",\"position\":2,\"name\":\"Ley Cookies Sitges, Adaptaci\u00f3n Nueva ley de cookies 2021 RGPD\"}]},{\"@type\":\"WebSite\",\"@id\":\"https:\/\/sitgeshosting.com\/diseno-web\/#website\",\"url\":\"https:\/\/sitgeshosting.com\/diseno-web\/\",\"name\":\"Dise\u00f1o de webs en Sitges\",\"description\":\"678445830 - Marqueting SEO-SEM\",\"publisher\":{\"@id\":\"https:\/\/sitgeshosting.com\/diseno-web\/#organization\"},\"potentialAction\":[{\"@type\":\"SearchAction\",\"target\":{\"@type\":\"EntryPoint\",\"urlTemplate\":\"https:\/\/sitgeshosting.com\/diseno-web\/?s={search_term_string}\"},\"query-input\":{\"@type\":\"PropertyValueSpecification\",\"valueRequired\":true,\"valueName\":\"search_term_string\"}}],\"inLanguage\":\"es\"},{\"@type\":\"Organization\",\"@id\":\"https:\/\/sitgeshosting.com\/diseno-web\/#organization\",\"name\":\"EFCOM S.L.\",\"url\":\"https:\/\/sitgeshosting.com\/diseno-web\/\",\"logo\":{\"@type\":\"ImageObject\",\"inLanguage\":\"es\",\"@id\":\"https:\/\/sitgeshosting.com\/diseno-web\/#\/schema\/logo\/image\/\",\"url\":\"https:\/\/sitgeshosting.com\/diseno-web\/wp-content\/uploads\/2018\/01\/logo-sitges-hosting-300x86.png\",\"contentUrl\":\"https:\/\/sitgeshosting.com\/diseno-web\/wp-content\/uploads\/2018\/01\/logo-sitges-hosting-300x86.png\",\"width\":300,\"height\":86,\"caption\":\"EFCOM S.L.\"},\"image\":{\"@id\":\"https:\/\/sitgeshosting.com\/diseno-web\/#\/schema\/logo\/image\/\"}}]}<\/script>\n<!-- \/ Yoast SEO plugin. -->","yoast_head_json":{"title":"Ley Cookies Sitges, Adaptaci\u00f3n Nueva ley de cookies 2021 RGPD - Dise\u00f1o de webs en Sitges","robots":{"index":"index","follow":"follow","max-snippet":"max-snippet:-1","max-image-preview":"max-image-preview:large","max-video-preview":"max-video-preview:-1"},"canonical":"https:\/\/sitgeshosting.com\/diseno-web\/ley-cookies-sitges-adaptacion\/","og_locale":"es_ES","og_type":"article","og_title":"Ley Cookies Sitges, Adaptaci\u00f3n Nueva ley de cookies 2021 RGPD - Dise\u00f1o de webs en Sitges","og_description":"Ley de Cookies, Adaptaci\u00f3n a la normativa &#8211; Nueva ley de cookies 2021 RGPD La Agencia Espa\u00f1ola de Protecci\u00f3n de Datos (AEPD) [&hellip;]","og_url":"https:\/\/sitgeshosting.com\/diseno-web\/ley-cookies-sitges-adaptacion\/","og_site_name":"Dise\u00f1o de webs en Sitges","article_modified_time":"2022-05-19T11:13:56+00:00","twitter_card":"summary_large_image","twitter_misc":{"Tiempo de lectura":"3 minutos"},"schema":{"@context":"https:\/\/schema.org","@graph":[{"@type":"WebPage","@id":"https:\/\/sitgeshosting.com\/diseno-web\/ley-cookies-sitges-adaptacion\/","url":"https:\/\/sitgeshosting.com\/diseno-web\/ley-cookies-sitges-adaptacion\/","name":"Ley Cookies Sitges, Adaptaci\u00f3n Nueva ley de cookies 2021 RGPD - Dise\u00f1o de webs en Sitges","isPartOf":{"@id":"https:\/\/sitgeshosting.com\/diseno-web\/#website"},"datePublished":"2017-11-12T18:43:24+00:00","dateModified":"2022-05-19T11:13:56+00:00","breadcrumb":{"@id":"https:\/\/sitgeshosting.com\/diseno-web\/ley-cookies-sitges-adaptacion\/#breadcrumb"},"inLanguage":"es","potentialAction":[{"@type":"ReadAction","target":["https:\/\/sitgeshosting.com\/diseno-web\/ley-cookies-sitges-adaptacion\/"]}]},{"@type":"BreadcrumbList","@id":"https:\/\/sitgeshosting.com\/diseno-web\/ley-cookies-sitges-adaptacion\/#breadcrumb","itemListElement":[{"@type":"ListItem","position":1,"name":"Portada","item":"https:\/\/sitgeshosting.com\/diseno-web\/"},{"@type":"ListItem","position":2,"name":"Ley Cookies Sitges, Adaptaci\u00f3n Nueva ley de cookies 2021 RGPD"}]},{"@type":"WebSite","@id":"https:\/\/sitgeshosting.com\/diseno-web\/#website","url":"https:\/\/sitgeshosting.com\/diseno-web\/","name":"Dise\u00f1o de webs en Sitges","description":"678445830 - Marqueting SEO-SEM","publisher":{"@id":"https:\/\/sitgeshosting.com\/diseno-web\/#organization"},"potentialAction":[{"@type":"SearchAction","target":{"@type":"EntryPoint","urlTemplate":"https:\/\/sitgeshosting.com\/diseno-web\/?s={search_term_string}"},"query-input":{"@type":"PropertyValueSpecification","valueRequired":true,"valueName":"search_term_string"}}],"inLanguage":"es"},{"@type":"Organization","@id":"https:\/\/sitgeshosting.com\/diseno-web\/#organization","name":"EFCOM S.L.","url":"https:\/\/sitgeshosting.com\/diseno-web\/","logo":{"@type":"ImageObject","inLanguage":"es","@id":"https:\/\/sitgeshosting.com\/diseno-web\/#\/schema\/logo\/image\/","url":"https:\/\/sitgeshosting.com\/diseno-web\/wp-content\/uploads\/2018\/01\/logo-sitges-hosting-300x86.png","contentUrl":"https:\/\/sitgeshosting.com\/diseno-web\/wp-content\/uploads\/2018\/01\/logo-sitges-hosting-300x86.png","width":300,"height":86,"caption":"EFCOM S.L."},"image":{"@id":"https:\/\/sitgeshosting.com\/diseno-web\/#\/schema\/logo\/image\/"}}]}},"_links":{"self":[{"href":"https:\/\/sitgeshosting.com\/diseno-web\/wp-json\/wp\/v2\/pages\/13296","targetHints":{"allow":["GET"]}}],"collection":[{"href":"https:\/\/sitgeshosting.com\/diseno-web\/wp-json\/wp\/v2\/pages"}],"about":[{"href":"https:\/\/sitgeshosting.com\/diseno-web\/wp-json\/wp\/v2\/types\/page"}],"author":[{"embeddable":true,"href":"https:\/\/sitgeshosting.com\/diseno-web\/wp-json\/wp\/v2\/users\/1"}],"replies":[{"embeddable":true,"href":"https:\/\/sitgeshosting.com\/diseno-web\/wp-json\/wp\/v2\/comments?post=13296"}],"version-history":[{"count":2,"href":"https:\/\/sitgeshosting.com\/diseno-web\/wp-json\/wp\/v2\/pages\/13296\/revisions"}],"predecessor-version":[{"id":13842,"href":"https:\/\/sitgeshosting.com\/diseno-web\/wp-json\/wp\/v2\/pages\/13296\/revisions\/13842"}],"wp:attachment":[{"href":"https:\/\/sitgeshosting.com\/diseno-web\/wp-json\/wp\/v2\/media?parent=13296"}],"curies":[{"name":"wp","href":"https:\/\/api.w.org\/{rel}","templated":true}]}}