{"id":13302,"date":"2017-11-12T18:55:39","date_gmt":"2017-11-12T18:55:39","guid":{"rendered":"https:\/\/sitgeshosting.com\/diseno-web\/?page_id=13302"},"modified":"2022-05-19T11:17:17","modified_gmt":"2022-05-19T11:17:17","slug":"diseno-web-en-sitges","status":"publish","type":"page","link":"https:\/\/sitgeshosting.com\/diseno-web\/diseno-web-en-sitges\/","title":{"rendered":"Dise\u00f1o Web Sitges"},"content":{"rendered":"<div id=\"pl-13302\"  class=\"panel-layout\" >\n<div id=\"pg-13302-0\"  class=\"panel-grid panel-has-style\"  data-style=\"{&quot;cell_alignment&quot;:&quot;flex-start&quot;,&quot;align&quot;:&quot;&quot;,&quot;background_image&quot;:false,&quot;overlay&quot;:&quot;&quot;,&quot;overlay_color&quot;:&quot;#000000&quot;}\" >\n<div style=\"padding: 100px 0; \" data-overlay=\"true\" data-overlay-color=\"#000000\" class=\"panel-row-style panel-row-style-for-13302-0\" >\n<div id=\"pgc-13302-0-0\"  class=\"panel-grid-cell\"  data-weight=\"1\" >\n<div id=\"panel-13302-0-0-0\" class=\"so-panel widget widget_sow-editor panel-first-child panel-last-child\" data-index=\"0\" data-style=\"{&quot;background_image_attachment&quot;:false,&quot;background_display&quot;:&quot;tile&quot;,&quot;content_alignment&quot;:&quot;left&quot;,&quot;title_color&quot;:&quot;#443f3f&quot;,&quot;headings_color&quot;:&quot;#443f3f&quot;}\" >\n<div style=\"text-align: left;\" data-title-color=\"#443f3f\" data-headings-color=\"#443f3f\" class=\"panel-widget-style panel-widget-style-for-13302-0-0-0\" >\n<div class=\"so-widget-sow-editor so-widget-sow-editor-base\">\n<div class=\"siteorigin-widget-tinymce textwidget\">\n<p><strong>Desarrollo a medida, dise\u00f1o con la imagen de su empresa<\/strong><\/p>\n<p><strong>\u00bb Un dise\u00f1o moderno para su proyecto<br \/>\n\u00bb Desarrollado por profesionales<br \/>\n\u00bb Adaptado a todas sus necesidades<br \/>\n\u00bb Presentaci\u00f3n de diferentes plantillas<br \/>\n\u00bb Dise\u00f1o gr\u00e1fico \u2013 Tratamiento de imagenes<br \/>\n\u00bb Programaci\u00f3n de aplicaciones<br \/>\n\u00bb Realizamos tiendas online \u2013 gratis \u2013 Consulte !<br \/>\n\u00bb Todos los dise\u00f1os adaptados a tecnolog\u00eda m\u00f3vil \u2013 responsive<br \/>\n<\/strong><\/p>\n<p>El desarrollo a medida se convierte en la mejor opci\u00f3n de presencia en Internet para aquellas empresas, instituciones o particulares que desean mostrar sus productos, servicios o instalaciones de una forma totalmente profesional a trav\u00e9s de un sitio web <strong>adaptado exactamente a sus necesidades<\/strong> y a trav\u00e9s del cual cumplir todas sus expectativas.<\/p>\n<p><strong>Webs Desde 150 \u20ac \u2013 Dominio + Hosting + 1 Pag web + email<\/strong><\/p>\n<p><strong>Webs empersa Desde 890 \u20ac<br \/>\n<\/strong><\/p>\n<p><strong>Webs tienda on-line Desde 990 \u20ac<\/strong><\/p>\n<\/div>\n<\/div>\n<\/div>\n<\/div>\n<\/div>\n<\/div>\n<\/div>\n<div id=\"pg-13302-1\"  class=\"panel-grid panel-has-style\"  data-style=\"{&quot;cell_alignment&quot;:&quot;flex-start&quot;,&quot;align&quot;:&quot;&quot;,&quot;background_image&quot;:false,&quot;overlay&quot;:&quot;&quot;,&quot;overlay_color&quot;:&quot;#000000&quot;}\" >\n<div style=\"padding: 100px 0; \" data-overlay=\"true\" data-overlay-color=\"#000000\" class=\"panel-row-style panel-row-style-for-13302-1\" >\n<div id=\"pgc-13302-1-0\"  class=\"panel-grid-cell\"  data-weight=\"0.5\" >\n<div id=\"panel-13302-1-0-0\" class=\"so-panel widget widget_media_image panel-first-child panel-last-child\" data-index=\"1\" data-style=\"{&quot;background_image_attachment&quot;:false,&quot;background_display&quot;:&quot;tile&quot;,&quot;content_alignment&quot;:&quot;left&quot;,&quot;title_color&quot;:&quot;#443f3f&quot;,&quot;headings_color&quot;:&quot;#443f3f&quot;}\" >\n<div style=\"text-align: left;\" data-title-color=\"#443f3f\" data-headings-color=\"#443f3f\" class=\"panel-widget-style panel-widget-style-for-13302-1-0-0\" >[siteorigin_widget class=\u00bbWP_Widget_Media_Image\u00bb]<input type=\"hidden\" value=\"{&quot;instance&quot;:{&quot;attachment_id&quot;:13304,&quot;url&quot;:&quot;https:\\\/\\\/sitgeshosting.com\\\/diseno-web\\\/wp-content\\\/uploads\\\/2017\\\/11\\\/wordpress_logo_MINI1.png&quot;,&quot;title&quot;:&quot;&quot;,&quot;size&quot;:&quot;full&quot;,&quot;width&quot;:150,&quot;height&quot;:150,&quot;caption&quot;:&quot;&quot;,&quot;alt&quot;:&quot;&quot;,&quot;link_type&quot;:&quot;none&quot;,&quot;link_url&quot;:&quot;&quot;,&quot;image_classes&quot;:&quot;&quot;,&quot;link_classes&quot;:&quot;&quot;,&quot;link_rel&quot;:&quot;&quot;,&quot;link_target_blank&quot;:false,&quot;image_title&quot;:&quot;&quot;,&quot;so_sidebar_emulator_id&quot;:&quot;media_image-1330210001&quot;,&quot;option_name&quot;:&quot;widget_media_image&quot;},&quot;args&quot;:{&quot;before_widget&quot;:&quot;&lt;div id=\\&quot;panel-13302-1-0-0\\&quot; class=\\&quot;so-panel widget widget_media_image panel-first-child panel-last-child\\&quot; data-index=\\&quot;1\\&quot; data-style=\\&quot;{&amp;quot;background_image_attachment&amp;quot;:false,&amp;quot;background_display&amp;quot;:&amp;quot;tile&amp;quot;,&amp;quot;content_alignment&amp;quot;:&amp;quot;left&amp;quot;,&amp;quot;title_color&amp;quot;:&amp;quot;#443f3f&amp;quot;,&amp;quot;headings_color&amp;quot;:&amp;quot;#443f3f&amp;quot;}\\&quot; &gt;&lt;div style=\\&quot;text-align: left;\\&quot; data-title-color=\\&quot;#443f3f\\&quot; data-headings-color=\\&quot;#443f3f\\&quot; class=\\&quot;panel-widget-style panel-widget-style-for-13302-1-0-0\\&quot; &gt;&quot;,&quot;after_widget&quot;:&quot;&lt;\\\/div&gt;&lt;\\\/div&gt;&quot;,&quot;before_title&quot;:&quot;&lt;h3 class=\\&quot;widget-title\\&quot;&gt;&quot;,&quot;after_title&quot;:&quot;&lt;\\\/h3&gt;&quot;,&quot;widget_id&quot;:&quot;widget-1-0-0&quot;}}\" \/>[\/siteorigin_widget]<\/div>\n<\/div>\n<\/div>\n<div id=\"pgc-13302-1-1\"  class=\"panel-grid-cell\"  data-weight=\"0.5\" >\n<div id=\"panel-13302-1-1-0\" class=\"so-panel widget widget_media_image panel-first-child panel-last-child\" data-index=\"2\" data-style=\"{&quot;background_image_attachment&quot;:false,&quot;background_display&quot;:&quot;tile&quot;,&quot;content_alignment&quot;:&quot;left&quot;,&quot;title_color&quot;:&quot;#443f3f&quot;,&quot;headings_color&quot;:&quot;#443f3f&quot;}\" >\n<div style=\"text-align: left;\" data-title-color=\"#443f3f\" data-headings-color=\"#443f3f\" class=\"panel-widget-style panel-widget-style-for-13302-1-1-0\" >[siteorigin_widget class=\u00bbWP_Widget_Media_Image\u00bb]<input type=\"hidden\" value=\"{&quot;instance&quot;:{&quot;attachment_id&quot;:13316,&quot;url&quot;:&quot;https:\\\/\\\/sitgeshosting.com\\\/diseno-web\\\/wp-content\\\/uploads\\\/2017\\\/11\\\/logo-woocommerce@2x.png&quot;,&quot;title&quot;:&quot;&quot;,&quot;size&quot;:&quot;full&quot;,&quot;width&quot;:360,&quot;height&quot;:73,&quot;caption&quot;:&quot;&quot;,&quot;alt&quot;:&quot;&quot;,&quot;link_type&quot;:&quot;none&quot;,&quot;link_url&quot;:&quot;&quot;,&quot;image_classes&quot;:&quot;&quot;,&quot;link_classes&quot;:&quot;&quot;,&quot;link_rel&quot;:&quot;&quot;,&quot;link_target_blank&quot;:false,&quot;image_title&quot;:&quot;&quot;,&quot;so_sidebar_emulator_id&quot;:&quot;media_image-1330210002&quot;,&quot;option_name&quot;:&quot;widget_media_image&quot;},&quot;args&quot;:{&quot;before_widget&quot;:&quot;&lt;div id=\\&quot;panel-13302-1-1-0\\&quot; class=\\&quot;so-panel widget widget_media_image panel-first-child panel-last-child\\&quot; data-index=\\&quot;2\\&quot; data-style=\\&quot;{&amp;quot;background_image_attachment&amp;quot;:false,&amp;quot;background_display&amp;quot;:&amp;quot;tile&amp;quot;,&amp;quot;content_alignment&amp;quot;:&amp;quot;left&amp;quot;,&amp;quot;title_color&amp;quot;:&amp;quot;#443f3f&amp;quot;,&amp;quot;headings_color&amp;quot;:&amp;quot;#443f3f&amp;quot;}\\&quot; &gt;&lt;div style=\\&quot;text-align: left;\\&quot; data-title-color=\\&quot;#443f3f\\&quot; data-headings-color=\\&quot;#443f3f\\&quot; class=\\&quot;panel-widget-style panel-widget-style-for-13302-1-1-0\\&quot; &gt;&quot;,&quot;after_widget&quot;:&quot;&lt;\\\/div&gt;&lt;\\\/div&gt;&quot;,&quot;before_title&quot;:&quot;&lt;h3 class=\\&quot;widget-title\\&quot;&gt;&quot;,&quot;after_title&quot;:&quot;&lt;\\\/h3&gt;&quot;,&quot;widget_id&quot;:&quot;widget-1-1-0&quot;}}\" \/>[\/siteorigin_widget]<\/div>\n<\/div>\n<\/div>\n<\/div>\n<\/div>\n<\/div>\n","protected":false},"excerpt":{"rendered":"<p>Desarrollo a medida, dise\u00f1o con la imagen de su empresa \u00bb Un dise\u00f1o moderno para su proyecto \u00bb Desarrollado por profesionales \u00bb [&hellip;]<\/p>\n","protected":false},"author":1,"featured_media":0,"parent":0,"menu_order":0,"comment_status":"closed","ping_status":"closed","template":"","meta":{"footnotes":""},"class_list":["post-13302","page","type-page","status-publish","hentry"],"yoast_head":"<!-- This site is optimized with the Yoast SEO plugin v25.9 - https:\/\/yoast.com\/wordpress\/plugins\/seo\/ -->\n<title>Dise\u00f1o Web Sitges - Dise\u00f1o de webs en Sitges<\/title>\n<meta name=\"robots\" content=\"index, follow, max-snippet:-1, max-image-preview:large, max-video-preview:-1\" \/>\n<link rel=\"canonical\" href=\"https:\/\/sitgeshosting.com\/diseno-web\/diseno-web-en-sitges\/\" \/>\n<meta property=\"og:locale\" content=\"es_ES\" \/>\n<meta property=\"og:type\" content=\"article\" \/>\n<meta property=\"og:title\" content=\"Dise\u00f1o Web Sitges - Dise\u00f1o de webs en Sitges\" \/>\n<meta property=\"og:description\" content=\"Desarrollo a medida, dise\u00f1o con la imagen de su empresa \u00bb Un dise\u00f1o moderno para su proyecto \u00bb Desarrollado por profesionales \u00bb [&hellip;]\" \/>\n<meta property=\"og:url\" content=\"https:\/\/sitgeshosting.com\/diseno-web\/diseno-web-en-sitges\/\" \/>\n<meta property=\"og:site_name\" content=\"Dise\u00f1o de webs en Sitges\" \/>\n<meta property=\"article:modified_time\" content=\"2022-05-19T11:17:17+00:00\" \/>\n<meta name=\"twitter:card\" content=\"summary_large_image\" \/>\n<meta name=\"twitter:label1\" content=\"Tiempo de lectura\" \/>\n\t<meta name=\"twitter:data1\" content=\"1 minuto\" \/>\n<script type=\"application\/ld+json\" class=\"yoast-schema-graph\">{\"@context\":\"https:\/\/schema.org\",\"@graph\":[{\"@type\":\"WebPage\",\"@id\":\"https:\/\/sitgeshosting.com\/diseno-web\/diseno-web-en-sitges\/\",\"url\":\"https:\/\/sitgeshosting.com\/diseno-web\/diseno-web-en-sitges\/\",\"name\":\"Dise\u00f1o Web Sitges - Dise\u00f1o de webs en Sitges\",\"isPartOf\":{\"@id\":\"https:\/\/sitgeshosting.com\/diseno-web\/#website\"},\"datePublished\":\"2017-11-12T18:55:39+00:00\",\"dateModified\":\"2022-05-19T11:17:17+00:00\",\"breadcrumb\":{\"@id\":\"https:\/\/sitgeshosting.com\/diseno-web\/diseno-web-en-sitges\/#breadcrumb\"},\"inLanguage\":\"es\",\"potentialAction\":[{\"@type\":\"ReadAction\",\"target\":[\"https:\/\/sitgeshosting.com\/diseno-web\/diseno-web-en-sitges\/\"]}]},{\"@type\":\"BreadcrumbList\",\"@id\":\"https:\/\/sitgeshosting.com\/diseno-web\/diseno-web-en-sitges\/#breadcrumb\",\"itemListElement\":[{\"@type\":\"ListItem\",\"position\":1,\"name\":\"Portada\",\"item\":\"https:\/\/sitgeshosting.com\/diseno-web\/\"},{\"@type\":\"ListItem\",\"position\":2,\"name\":\"Dise\u00f1o Web Sitges\"}]},{\"@type\":\"WebSite\",\"@id\":\"https:\/\/sitgeshosting.com\/diseno-web\/#website\",\"url\":\"https:\/\/sitgeshosting.com\/diseno-web\/\",\"name\":\"Dise\u00f1o de webs en Sitges\",\"description\":\"678445830 - Marqueting SEO-SEM\",\"publisher\":{\"@id\":\"https:\/\/sitgeshosting.com\/diseno-web\/#organization\"},\"potentialAction\":[{\"@type\":\"SearchAction\",\"target\":{\"@type\":\"EntryPoint\",\"urlTemplate\":\"https:\/\/sitgeshosting.com\/diseno-web\/?s={search_term_string}\"},\"query-input\":{\"@type\":\"PropertyValueSpecification\",\"valueRequired\":true,\"valueName\":\"search_term_string\"}}],\"inLanguage\":\"es\"},{\"@type\":\"Organization\",\"@id\":\"https:\/\/sitgeshosting.com\/diseno-web\/#organization\",\"name\":\"EFCOM S.L.\",\"url\":\"https:\/\/sitgeshosting.com\/diseno-web\/\",\"logo\":{\"@type\":\"ImageObject\",\"inLanguage\":\"es\",\"@id\":\"https:\/\/sitgeshosting.com\/diseno-web\/#\/schema\/logo\/image\/\",\"url\":\"https:\/\/sitgeshosting.com\/diseno-web\/wp-content\/uploads\/2018\/01\/logo-sitges-hosting-300x86.png\",\"contentUrl\":\"https:\/\/sitgeshosting.com\/diseno-web\/wp-content\/uploads\/2018\/01\/logo-sitges-hosting-300x86.png\",\"width\":300,\"height\":86,\"caption\":\"EFCOM S.L.\"},\"image\":{\"@id\":\"https:\/\/sitgeshosting.com\/diseno-web\/#\/schema\/logo\/image\/\"}}]}<\/script>\n<!-- \/ Yoast SEO plugin. -->","yoast_head_json":{"title":"Dise\u00f1o Web Sitges - Dise\u00f1o de webs en Sitges","robots":{"index":"index","follow":"follow","max-snippet":"max-snippet:-1","max-image-preview":"max-image-preview:large","max-video-preview":"max-video-preview:-1"},"canonical":"https:\/\/sitgeshosting.com\/diseno-web\/diseno-web-en-sitges\/","og_locale":"es_ES","og_type":"article","og_title":"Dise\u00f1o Web Sitges - Dise\u00f1o de webs en Sitges","og_description":"Desarrollo a medida, dise\u00f1o con la imagen de su empresa \u00bb Un dise\u00f1o moderno para su proyecto \u00bb Desarrollado por profesionales \u00bb [&hellip;]","og_url":"https:\/\/sitgeshosting.com\/diseno-web\/diseno-web-en-sitges\/","og_site_name":"Dise\u00f1o de webs en Sitges","article_modified_time":"2022-05-19T11:17:17+00:00","twitter_card":"summary_large_image","twitter_misc":{"Tiempo de lectura":"1 minuto"},"schema":{"@context":"https:\/\/schema.org","@graph":[{"@type":"WebPage","@id":"https:\/\/sitgeshosting.com\/diseno-web\/diseno-web-en-sitges\/","url":"https:\/\/sitgeshosting.com\/diseno-web\/diseno-web-en-sitges\/","name":"Dise\u00f1o Web Sitges - Dise\u00f1o de webs en Sitges","isPartOf":{"@id":"https:\/\/sitgeshosting.com\/diseno-web\/#website"},"datePublished":"2017-11-12T18:55:39+00:00","dateModified":"2022-05-19T11:17:17+00:00","breadcrumb":{"@id":"https:\/\/sitgeshosting.com\/diseno-web\/diseno-web-en-sitges\/#breadcrumb"},"inLanguage":"es","potentialAction":[{"@type":"ReadAction","target":["https:\/\/sitgeshosting.com\/diseno-web\/diseno-web-en-sitges\/"]}]},{"@type":"BreadcrumbList","@id":"https:\/\/sitgeshosting.com\/diseno-web\/diseno-web-en-sitges\/#breadcrumb","itemListElement":[{"@type":"ListItem","position":1,"name":"Portada","item":"https:\/\/sitgeshosting.com\/diseno-web\/"},{"@type":"ListItem","position":2,"name":"Dise\u00f1o Web Sitges"}]},{"@type":"WebSite","@id":"https:\/\/sitgeshosting.com\/diseno-web\/#website","url":"https:\/\/sitgeshosting.com\/diseno-web\/","name":"Dise\u00f1o de webs en Sitges","description":"678445830 - Marqueting SEO-SEM","publisher":{"@id":"https:\/\/sitgeshosting.com\/diseno-web\/#organization"},"potentialAction":[{"@type":"SearchAction","target":{"@type":"EntryPoint","urlTemplate":"https:\/\/sitgeshosting.com\/diseno-web\/?s={search_term_string}"},"query-input":{"@type":"PropertyValueSpecification","valueRequired":true,"valueName":"search_term_string"}}],"inLanguage":"es"},{"@type":"Organization","@id":"https:\/\/sitgeshosting.com\/diseno-web\/#organization","name":"EFCOM S.L.","url":"https:\/\/sitgeshosting.com\/diseno-web\/","logo":{"@type":"ImageObject","inLanguage":"es","@id":"https:\/\/sitgeshosting.com\/diseno-web\/#\/schema\/logo\/image\/","url":"https:\/\/sitgeshosting.com\/diseno-web\/wp-content\/uploads\/2018\/01\/logo-sitges-hosting-300x86.png","contentUrl":"https:\/\/sitgeshosting.com\/diseno-web\/wp-content\/uploads\/2018\/01\/logo-sitges-hosting-300x86.png","width":300,"height":86,"caption":"EFCOM S.L."},"image":{"@id":"https:\/\/sitgeshosting.com\/diseno-web\/#\/schema\/logo\/image\/"}}]}},"_links":{"self":[{"href":"https:\/\/sitgeshosting.com\/diseno-web\/wp-json\/wp\/v2\/pages\/13302","targetHints":{"allow":["GET"]}}],"collection":[{"href":"https:\/\/sitgeshosting.com\/diseno-web\/wp-json\/wp\/v2\/pages"}],"about":[{"href":"https:\/\/sitgeshosting.com\/diseno-web\/wp-json\/wp\/v2\/types\/page"}],"author":[{"embeddable":true,"href":"https:\/\/sitgeshosting.com\/diseno-web\/wp-json\/wp\/v2\/users\/1"}],"replies":[{"embeddable":true,"href":"https:\/\/sitgeshosting.com\/diseno-web\/wp-json\/wp\/v2\/comments?post=13302"}],"version-history":[{"count":3,"href":"https:\/\/sitgeshosting.com\/diseno-web\/wp-json\/wp\/v2\/pages\/13302\/revisions"}],"predecessor-version":[{"id":13845,"href":"https:\/\/sitgeshosting.com\/diseno-web\/wp-json\/wp\/v2\/pages\/13302\/revisions\/13845"}],"wp:attachment":[{"href":"https:\/\/sitgeshosting.com\/diseno-web\/wp-json\/wp\/v2\/media?parent=13302"}],"curies":[{"name":"wp","href":"https:\/\/api.w.org\/{rel}","templated":true}]}}