{"id":13307,"date":"2017-11-12T19:02:14","date_gmt":"2017-11-12T19:02:14","guid":{"rendered":"https:\/\/sitgeshosting.com\/diseno-web\/?page_id=13307"},"modified":"2017-11-12T19:02:14","modified_gmt":"2017-11-12T19:02:14","slug":"web-responsive-sitges","status":"publish","type":"page","link":"https:\/\/sitgeshosting.com\/diseno-web\/web-responsive-sitges\/","title":{"rendered":"Web responsive Sitges"},"content":{"rendered":"<div id=\"pl-13307\"  class=\"panel-layout\" >\n<div id=\"pg-13307-0\"  class=\"panel-grid panel-has-style\"  data-style=\"{&quot;cell_alignment&quot;:&quot;flex-start&quot;,&quot;align&quot;:&quot;&quot;,&quot;background_image&quot;:false,&quot;overlay&quot;:&quot;&quot;,&quot;overlay_color&quot;:&quot;#000000&quot;}\" >\n<div style=\"padding: 100px 0; \" data-overlay=\"true\" data-overlay-color=\"#000000\" class=\"panel-row-style panel-row-style-for-13307-0\" >\n<div id=\"pgc-13307-0-0\"  class=\"panel-grid-cell\"  data-weight=\"1\" >\n<div id=\"panel-13307-0-0-0\" class=\"so-panel widget widget_sow-editor panel-first-child panel-last-child\" data-index=\"0\" data-style=\"{&quot;background_image_attachment&quot;:false,&quot;background_display&quot;:&quot;tile&quot;,&quot;content_alignment&quot;:&quot;left&quot;,&quot;title_color&quot;:&quot;#443f3f&quot;,&quot;headings_color&quot;:&quot;#443f3f&quot;}\" >\n<div style=\"text-align: left;\" data-title-color=\"#443f3f\" data-headings-color=\"#443f3f\" class=\"panel-widget-style panel-widget-style-for-13307-0-0-0\" >\n<div class=\"so-widget-sow-editor so-widget-sow-editor-base\">\n<div class=\"siteorigin-widget-tinymce textwidget\">\n<p><iframe src=\"https:\/\/www.youtube.com\/embed\/hM5mnmJcNEc\" width=\"640\" height=\"360\" frameborder=\"0\" allowfullscreen=\"allowfullscreen\"><\/iframe><\/p>\n<header>\n<h1>Web responsive Sitges,<\/h1>\n<h1>Adaptaci\u00f3n de web a responsive<\/h1>\n<\/header>\n<h1>\u00bfQu\u00e9 es <em>la adaptacion de web a responsive<\/em>, c\u00f3mo le afecta y c\u00f3mo puedo adecuarme?<\/h1>\n<h2>Beneficios del Responsive Web Design &#8211; Web adaptadas a moviles y tablets<\/h2>\n<ul>\n<li><strong>Reducci\u00f3n de costos<\/strong>. Se reducen los costos ya que hasta hoy se debe hacer un portal para la Web y otro para dispositivos m\u00f3viles. Esto origina mayores costos de creaci\u00f3n y mantenimiento de la informaci\u00f3n.<\/li>\n<li><strong>Eficiencia en la actualizaci\u00f3n.<\/strong> El sitio solo se debe actualizar una vez y se ve reflejada en todas las plataformas. Cuando tenemos los portales independientes para Web y Mobile se debe realizar la actualizaci\u00f3n dos veces lo que crea la necesidad de mayor cantidad de recursos y posibilidad de error.<\/li>\n<li><strong>Mejora la usabilidad y conversi\u00f3n<\/strong>. Esta tecnolog\u00eda aporta a la usabilidad y la conversi\u00f3n. Se han hecho estudios que demuestran que cuando se aprovecha toda la pantalla del visitante aumenta la conversi\u00f3n.<\/li>\n<li><strong>Impacto en el visitante<\/strong>. Esta tecnolog\u00eda por ser nueva genera impacto en las personas que la vean en acci\u00f3n, lo que permitir\u00e1 asociar a la marca con creatividad e innovaci\u00f3n.<\/li>\n<\/ul>\n<p>Como funciona: <a title=\"Web responsive webresponsive.es\" href=\"http:\/\/www.thismanslife.co.uk\/projects\/lab\/responsiveillustration\/\" target=\"_blank\" rel=\"noopener\">VER EJEMPLO &#8211; AL VER LA PAGINA REDUCE LA PANTALLA LENTAMENTE<br \/> <\/a><\/p>\n<p><strong><a title=\"Contacto\" href=\"http:\/\/sitgeshosting.com\/web-sitges\/contacto\/\">Contacta <\/a> o ll\u00e1manos (93 811 10 46).<\/strong><\/p>\n<\/div>\n<\/div>\n<\/div>\n<\/div>\n<\/div>\n<\/div>\n<\/div>\n<\/div>\n","protected":false},"excerpt":{"rendered":"<p>Web responsive Sitges, Adaptaci\u00f3n de web a responsive \u00bfQu\u00e9 es la adaptacion de web a responsive, c\u00f3mo le afecta y c\u00f3mo puedo [&hellip;]<\/p>\n","protected":false},"author":1,"featured_media":0,"parent":0,"menu_order":0,"comment_status":"closed","ping_status":"closed","template":"","meta":{"footnotes":""},"class_list":["post-13307","page","type-page","status-publish","hentry"],"yoast_head":"<!-- This site is optimized with the Yoast SEO plugin v25.9 - https:\/\/yoast.com\/wordpress\/plugins\/seo\/ -->\n<title>Web responsive Sitges - Dise\u00f1o de webs en Sitges<\/title>\n<meta name=\"robots\" content=\"index, follow, max-snippet:-1, max-image-preview:large, max-video-preview:-1\" \/>\n<link rel=\"canonical\" href=\"https:\/\/sitgeshosting.com\/diseno-web\/web-responsive-sitges\/\" \/>\n<meta property=\"og:locale\" content=\"es_ES\" \/>\n<meta property=\"og:type\" content=\"article\" \/>\n<meta property=\"og:title\" content=\"Web responsive Sitges - Dise\u00f1o de webs en Sitges\" \/>\n<meta property=\"og:description\" content=\"Web responsive Sitges, Adaptaci\u00f3n de web a responsive \u00bfQu\u00e9 es la adaptacion de web a responsive, c\u00f3mo le afecta y c\u00f3mo puedo [&hellip;]\" \/>\n<meta property=\"og:url\" content=\"https:\/\/sitgeshosting.com\/diseno-web\/web-responsive-sitges\/\" \/>\n<meta property=\"og:site_name\" content=\"Dise\u00f1o de webs en Sitges\" \/>\n<meta name=\"twitter:card\" content=\"summary_large_image\" \/>\n<meta name=\"twitter:label1\" content=\"Tiempo de lectura\" \/>\n\t<meta name=\"twitter:data1\" content=\"1 minuto\" \/>\n<script type=\"application\/ld+json\" class=\"yoast-schema-graph\">{\"@context\":\"https:\/\/schema.org\",\"@graph\":[{\"@type\":\"WebPage\",\"@id\":\"https:\/\/sitgeshosting.com\/diseno-web\/web-responsive-sitges\/\",\"url\":\"https:\/\/sitgeshosting.com\/diseno-web\/web-responsive-sitges\/\",\"name\":\"Web responsive Sitges - Dise\u00f1o de webs en Sitges\",\"isPartOf\":{\"@id\":\"https:\/\/sitgeshosting.com\/diseno-web\/#website\"},\"datePublished\":\"2017-11-12T19:02:14+00:00\",\"breadcrumb\":{\"@id\":\"https:\/\/sitgeshosting.com\/diseno-web\/web-responsive-sitges\/#breadcrumb\"},\"inLanguage\":\"es\",\"potentialAction\":[{\"@type\":\"ReadAction\",\"target\":[\"https:\/\/sitgeshosting.com\/diseno-web\/web-responsive-sitges\/\"]}]},{\"@type\":\"BreadcrumbList\",\"@id\":\"https:\/\/sitgeshosting.com\/diseno-web\/web-responsive-sitges\/#breadcrumb\",\"itemListElement\":[{\"@type\":\"ListItem\",\"position\":1,\"name\":\"Portada\",\"item\":\"https:\/\/sitgeshosting.com\/diseno-web\/\"},{\"@type\":\"ListItem\",\"position\":2,\"name\":\"Web responsive Sitges\"}]},{\"@type\":\"WebSite\",\"@id\":\"https:\/\/sitgeshosting.com\/diseno-web\/#website\",\"url\":\"https:\/\/sitgeshosting.com\/diseno-web\/\",\"name\":\"Dise\u00f1o de webs en Sitges\",\"description\":\"678445830 - Marqueting SEO-SEM\",\"publisher\":{\"@id\":\"https:\/\/sitgeshosting.com\/diseno-web\/#organization\"},\"potentialAction\":[{\"@type\":\"SearchAction\",\"target\":{\"@type\":\"EntryPoint\",\"urlTemplate\":\"https:\/\/sitgeshosting.com\/diseno-web\/?s={search_term_string}\"},\"query-input\":{\"@type\":\"PropertyValueSpecification\",\"valueRequired\":true,\"valueName\":\"search_term_string\"}}],\"inLanguage\":\"es\"},{\"@type\":\"Organization\",\"@id\":\"https:\/\/sitgeshosting.com\/diseno-web\/#organization\",\"name\":\"EFCOM S.L.\",\"url\":\"https:\/\/sitgeshosting.com\/diseno-web\/\",\"logo\":{\"@type\":\"ImageObject\",\"inLanguage\":\"es\",\"@id\":\"https:\/\/sitgeshosting.com\/diseno-web\/#\/schema\/logo\/image\/\",\"url\":\"https:\/\/sitgeshosting.com\/diseno-web\/wp-content\/uploads\/2018\/01\/logo-sitges-hosting-300x86.png\",\"contentUrl\":\"https:\/\/sitgeshosting.com\/diseno-web\/wp-content\/uploads\/2018\/01\/logo-sitges-hosting-300x86.png\",\"width\":300,\"height\":86,\"caption\":\"EFCOM S.L.\"},\"image\":{\"@id\":\"https:\/\/sitgeshosting.com\/diseno-web\/#\/schema\/logo\/image\/\"}}]}<\/script>\n<!-- \/ Yoast SEO plugin. -->","yoast_head_json":{"title":"Web responsive Sitges - Dise\u00f1o de webs en Sitges","robots":{"index":"index","follow":"follow","max-snippet":"max-snippet:-1","max-image-preview":"max-image-preview:large","max-video-preview":"max-video-preview:-1"},"canonical":"https:\/\/sitgeshosting.com\/diseno-web\/web-responsive-sitges\/","og_locale":"es_ES","og_type":"article","og_title":"Web responsive Sitges - Dise\u00f1o de webs en Sitges","og_description":"Web responsive Sitges, Adaptaci\u00f3n de web a responsive \u00bfQu\u00e9 es la adaptacion de web a responsive, c\u00f3mo le afecta y c\u00f3mo puedo [&hellip;]","og_url":"https:\/\/sitgeshosting.com\/diseno-web\/web-responsive-sitges\/","og_site_name":"Dise\u00f1o de webs en Sitges","twitter_card":"summary_large_image","twitter_misc":{"Tiempo de lectura":"1 minuto"},"schema":{"@context":"https:\/\/schema.org","@graph":[{"@type":"WebPage","@id":"https:\/\/sitgeshosting.com\/diseno-web\/web-responsive-sitges\/","url":"https:\/\/sitgeshosting.com\/diseno-web\/web-responsive-sitges\/","name":"Web responsive Sitges - Dise\u00f1o de webs en Sitges","isPartOf":{"@id":"https:\/\/sitgeshosting.com\/diseno-web\/#website"},"datePublished":"2017-11-12T19:02:14+00:00","breadcrumb":{"@id":"https:\/\/sitgeshosting.com\/diseno-web\/web-responsive-sitges\/#breadcrumb"},"inLanguage":"es","potentialAction":[{"@type":"ReadAction","target":["https:\/\/sitgeshosting.com\/diseno-web\/web-responsive-sitges\/"]}]},{"@type":"BreadcrumbList","@id":"https:\/\/sitgeshosting.com\/diseno-web\/web-responsive-sitges\/#breadcrumb","itemListElement":[{"@type":"ListItem","position":1,"name":"Portada","item":"https:\/\/sitgeshosting.com\/diseno-web\/"},{"@type":"ListItem","position":2,"name":"Web responsive Sitges"}]},{"@type":"WebSite","@id":"https:\/\/sitgeshosting.com\/diseno-web\/#website","url":"https:\/\/sitgeshosting.com\/diseno-web\/","name":"Dise\u00f1o de webs en Sitges","description":"678445830 - Marqueting SEO-SEM","publisher":{"@id":"https:\/\/sitgeshosting.com\/diseno-web\/#organization"},"potentialAction":[{"@type":"SearchAction","target":{"@type":"EntryPoint","urlTemplate":"https:\/\/sitgeshosting.com\/diseno-web\/?s={search_term_string}"},"query-input":{"@type":"PropertyValueSpecification","valueRequired":true,"valueName":"search_term_string"}}],"inLanguage":"es"},{"@type":"Organization","@id":"https:\/\/sitgeshosting.com\/diseno-web\/#organization","name":"EFCOM S.L.","url":"https:\/\/sitgeshosting.com\/diseno-web\/","logo":{"@type":"ImageObject","inLanguage":"es","@id":"https:\/\/sitgeshosting.com\/diseno-web\/#\/schema\/logo\/image\/","url":"https:\/\/sitgeshosting.com\/diseno-web\/wp-content\/uploads\/2018\/01\/logo-sitges-hosting-300x86.png","contentUrl":"https:\/\/sitgeshosting.com\/diseno-web\/wp-content\/uploads\/2018\/01\/logo-sitges-hosting-300x86.png","width":300,"height":86,"caption":"EFCOM S.L."},"image":{"@id":"https:\/\/sitgeshosting.com\/diseno-web\/#\/schema\/logo\/image\/"}}]}},"_links":{"self":[{"href":"https:\/\/sitgeshosting.com\/diseno-web\/wp-json\/wp\/v2\/pages\/13307","targetHints":{"allow":["GET"]}}],"collection":[{"href":"https:\/\/sitgeshosting.com\/diseno-web\/wp-json\/wp\/v2\/pages"}],"about":[{"href":"https:\/\/sitgeshosting.com\/diseno-web\/wp-json\/wp\/v2\/types\/page"}],"author":[{"embeddable":true,"href":"https:\/\/sitgeshosting.com\/diseno-web\/wp-json\/wp\/v2\/users\/1"}],"replies":[{"embeddable":true,"href":"https:\/\/sitgeshosting.com\/diseno-web\/wp-json\/wp\/v2\/comments?post=13307"}],"version-history":[{"count":0,"href":"https:\/\/sitgeshosting.com\/diseno-web\/wp-json\/wp\/v2\/pages\/13307\/revisions"}],"wp:attachment":[{"href":"https:\/\/sitgeshosting.com\/diseno-web\/wp-json\/wp\/v2\/media?parent=13307"}],"curies":[{"name":"wp","href":"https:\/\/api.w.org\/{rel}","templated":true}]}}