{"id":13312,"date":"2017-11-12T19:34:30","date_gmt":"2017-11-12T19:34:30","guid":{"rendered":"https:\/\/sitgeshosting.com\/diseno-web\/?page_id=13312"},"modified":"2022-05-19T11:19:25","modified_gmt":"2022-05-19T11:19:25","slug":"cms-gestores-de-contenido","status":"publish","type":"page","link":"https:\/\/sitgeshosting.com\/diseno-web\/cms-gestores-de-contenido\/","title":{"rendered":"CMS \u2013 Gestores de contenido"},"content":{"rendered":"<div id=\"pl-13312\"  class=\"panel-layout\" >\n<div id=\"pg-13312-0\"  class=\"panel-grid panel-has-style\"  data-style=\"{&quot;cell_alignment&quot;:&quot;flex-start&quot;,&quot;align&quot;:&quot;&quot;,&quot;background_image&quot;:false,&quot;overlay&quot;:&quot;&quot;,&quot;overlay_color&quot;:&quot;#000000&quot;}\" >\n<div style=\"padding: 100px 0; \" data-overlay=\"true\" data-overlay-color=\"#000000\" class=\"panel-row-style panel-row-style-for-13312-0\" >\n<div id=\"pgc-13312-0-0\"  class=\"panel-grid-cell\"  data-weight=\"1\" >\n<div id=\"panel-13312-0-0-0\" class=\"so-panel widget widget_sow-editor panel-first-child panel-last-child\" data-index=\"0\" data-style=\"{&quot;background_image_attachment&quot;:false,&quot;background_display&quot;:&quot;tile&quot;,&quot;content_alignment&quot;:&quot;left&quot;,&quot;title_color&quot;:&quot;#443f3f&quot;,&quot;headings_color&quot;:&quot;#443f3f&quot;}\" >\n<div style=\"text-align: left;\" data-title-color=\"#443f3f\" data-headings-color=\"#443f3f\" class=\"panel-widget-style panel-widget-style-for-13312-0-0-0\" >\n<div class=\"so-widget-sow-editor so-widget-sow-editor-base\">\n<div class=\"siteorigin-widget-tinymce textwidget\">\n<p>WORDPRESS &#8211; WOO COMMERCE<\/p>\n<p>Contenido de la web\u00a0<strong>auto gestionable<\/strong>\u00a0por el usuario. Podr\u00e1 publicar noticias, im\u00e1genes, foros, encuestas y gestionar todo el contenido de la p\u00e1gina web usted mismo. Con el mejor\u00a0<strong>dise\u00f1o web <acronym lang=\"en\" title=\"Content Management System\">CMS<\/acronym><\/strong>\u00a0para la\u00a0<strong>gesti\u00f3n de contenidos<\/strong>\u00a0y\u00a0<acronym lang=\"es\" title=\"Mercadotecnia en Internet\">Marketing Online<\/acronym>.<\/p>\n<p>El gestor de contenidos permite a nuestros clientes realizar actualizaciones de sus art\u00edculos de forma aut\u00f3noma y con varios usuarios a la vez.<\/p>\n<p>Si su empresa precisa realizar cambios peri\u00f3dicos en las publicaciones o dispone de un elevado n\u00famero de secciones para mostrar, la creaci\u00f3n de un portal de empresa comporta numerosos beneficios.Es la web aconsejada para pymes y asociaciones.<\/p>\n<p>El dise\u00f1o web inicial del portal y la instalaci\u00f3n de la web autogestionable lo desarrollamos en Paginastic.com, su empresa solo tendr\u00e1 que gestionar el contenido web.\u00a0<strong>Pymes y profesionales se benefician de un mejor posicionamiento en buscadores<\/strong>\u00a0al poder actualizar los contenidos de manera peri\u00f3dica.<\/p>\n<p>Adem\u00e1s contar\u00e1 con una web ampliable en men\u00fas y p\u00e1ginas ilimitadas, con la ventaja de poder adaptar una Tienda o cat\u00e1logo virtual.<\/p>\n<p>Hay de 3 tipos principales de web empresarial autogestionable:<\/p>\n<ul>\n<li>CMS corporativo din\u00e1mico. Para poder actualizar contenidos de su empresa y productos o servicios.<\/li>\n<li>CMS Redes sociales \u201cSocial Media\u201d. Adem\u00e1s de actualizar los contenidos incorpora Blog, servidor de noticias, Redes sociales, etc.<\/li>\n<li>Para realizar comercio electr\u00f3nico.<\/li>\n<\/ul>\n<p>Escoja junto al asesor comercial o el dise\u00f1ador web el tipo de web de auto gesti\u00f3n apropiado:<\/p>\n<p>Un portal empresarial ofrece caracter\u00edsticas principales enumeradas aqu\u00ed. Disponemos de multitud de m\u00f3dulos y extensiones secundarias para adaptarla a los requerimientos de su empresa.<\/p>\n<h3>\u00a0Caracteristicas generales de Gestor de contenidos<\/h3>\n<ul>\n<li>Gestor de contenidos b\u00e1sico. Mediante acceso por contrase\u00f1a se modifican y editan los art\u00edculos de texto, imagen y archivos en general para publicarlos en la web.<\/li>\n<li>Maquetaci\u00f3n de 6, 12, 18, etc. contenidos o creaci\u00f3n de 6 opciones de navegaci\u00f3n sin los contenidos.<\/li>\n<li>Agregador 2.0 para que los usuarios puedan compartir en casi 300 redes sociales diferentes, por mail, imprimir y enviar a favoritos del navegador.<\/li>\n<li>Plantilla B\u00e1sica, Premiun o desarrollo personalizado.<\/li>\n<\/ul>\n<h3>\u00a0Modulos CMS programables<\/h3>\n<ul>\n<li>Componentes y m\u00f3dulos para gestionar boletines de noticias.<\/li>\n<li>M\u00f3dulo para mailings a clientes.<\/li>\n<li>Buscador interno de contenidos.<\/li>\n<li>Gestor de encuestas.<\/li>\n<li>Comunidades de usuarios y foros.<\/li>\n<li>Libro de visitas.<\/li>\n<li>Estad\u00edsticas.<\/li>\n<li>Gestor de Banners para Publicidad con contadores de click.<\/li>\n<li>Gestor de Descargas y subidas de archivos grandes.<\/li>\n<li>Galer\u00eda de im\u00e1genes, v\u00eddeos y audio auto gestionables.<\/li>\n<li>Calendarios y Eventos.<\/li>\n<li>Gestor de Formularios.<\/li>\n<li>M\u00f3dulo para Gestionar Blog y archivo de los art\u00edculos publicados, valoraciones de los usuarios,\u2026<\/li>\n<li>Chat.<\/li>\n<li>M\u00f3dulos para posicionamiento.<\/li>\n<li>M\u00faltiples idiomas.<\/li>\n<\/ul>\n<\/div>\n<\/div>\n<\/div>\n<\/div>\n<\/div>\n<\/div>\n<\/div>\n<\/div>\n","protected":false},"excerpt":{"rendered":"<p>WORDPRESS &#8211; WOO COMMERCE Contenido de la web\u00a0auto gestionable\u00a0por el usuario. Podr\u00e1 publicar noticias, im\u00e1genes, foros, encuestas y gestionar todo el contenido [&hellip;]<\/p>\n","protected":false},"author":1,"featured_media":0,"parent":0,"menu_order":0,"comment_status":"closed","ping_status":"closed","template":"","meta":{"footnotes":""},"class_list":["post-13312","page","type-page","status-publish","hentry"],"yoast_head":"<!-- This site is optimized with the Yoast SEO plugin v25.9 - https:\/\/yoast.com\/wordpress\/plugins\/seo\/ -->\n<title>CMS \u2013 Gestores de contenido - Dise\u00f1o de webs en Sitges<\/title>\n<meta name=\"robots\" content=\"index, follow, max-snippet:-1, max-image-preview:large, max-video-preview:-1\" \/>\n<link rel=\"canonical\" href=\"https:\/\/sitgeshosting.com\/diseno-web\/cms-gestores-de-contenido\/\" \/>\n<meta property=\"og:locale\" content=\"es_ES\" \/>\n<meta property=\"og:type\" content=\"article\" \/>\n<meta property=\"og:title\" content=\"CMS \u2013 Gestores de contenido - Dise\u00f1o de webs en Sitges\" \/>\n<meta property=\"og:description\" content=\"WORDPRESS &#8211; WOO COMMERCE Contenido de la web\u00a0auto gestionable\u00a0por el usuario. Podr\u00e1 publicar noticias, im\u00e1genes, foros, encuestas y gestionar todo el contenido [&hellip;]\" \/>\n<meta property=\"og:url\" content=\"https:\/\/sitgeshosting.com\/diseno-web\/cms-gestores-de-contenido\/\" \/>\n<meta property=\"og:site_name\" content=\"Dise\u00f1o de webs en Sitges\" \/>\n<meta property=\"article:modified_time\" content=\"2022-05-19T11:19:25+00:00\" \/>\n<meta name=\"twitter:card\" content=\"summary_large_image\" \/>\n<meta name=\"twitter:label1\" content=\"Tiempo de lectura\" \/>\n\t<meta name=\"twitter:data1\" content=\"2 minutos\" \/>\n<script type=\"application\/ld+json\" class=\"yoast-schema-graph\">{\"@context\":\"https:\/\/schema.org\",\"@graph\":[{\"@type\":\"WebPage\",\"@id\":\"https:\/\/sitgeshosting.com\/diseno-web\/cms-gestores-de-contenido\/\",\"url\":\"https:\/\/sitgeshosting.com\/diseno-web\/cms-gestores-de-contenido\/\",\"name\":\"CMS \u2013 Gestores de contenido - Dise\u00f1o de webs en Sitges\",\"isPartOf\":{\"@id\":\"https:\/\/sitgeshosting.com\/diseno-web\/#website\"},\"datePublished\":\"2017-11-12T19:34:30+00:00\",\"dateModified\":\"2022-05-19T11:19:25+00:00\",\"breadcrumb\":{\"@id\":\"https:\/\/sitgeshosting.com\/diseno-web\/cms-gestores-de-contenido\/#breadcrumb\"},\"inLanguage\":\"es\",\"potentialAction\":[{\"@type\":\"ReadAction\",\"target\":[\"https:\/\/sitgeshosting.com\/diseno-web\/cms-gestores-de-contenido\/\"]}]},{\"@type\":\"BreadcrumbList\",\"@id\":\"https:\/\/sitgeshosting.com\/diseno-web\/cms-gestores-de-contenido\/#breadcrumb\",\"itemListElement\":[{\"@type\":\"ListItem\",\"position\":1,\"name\":\"Portada\",\"item\":\"https:\/\/sitgeshosting.com\/diseno-web\/\"},{\"@type\":\"ListItem\",\"position\":2,\"name\":\"CMS \u2013 Gestores de contenido\"}]},{\"@type\":\"WebSite\",\"@id\":\"https:\/\/sitgeshosting.com\/diseno-web\/#website\",\"url\":\"https:\/\/sitgeshosting.com\/diseno-web\/\",\"name\":\"Dise\u00f1o de webs en Sitges\",\"description\":\"678445830 - Marqueting SEO-SEM\",\"publisher\":{\"@id\":\"https:\/\/sitgeshosting.com\/diseno-web\/#organization\"},\"potentialAction\":[{\"@type\":\"SearchAction\",\"target\":{\"@type\":\"EntryPoint\",\"urlTemplate\":\"https:\/\/sitgeshosting.com\/diseno-web\/?s={search_term_string}\"},\"query-input\":{\"@type\":\"PropertyValueSpecification\",\"valueRequired\":true,\"valueName\":\"search_term_string\"}}],\"inLanguage\":\"es\"},{\"@type\":\"Organization\",\"@id\":\"https:\/\/sitgeshosting.com\/diseno-web\/#organization\",\"name\":\"EFCOM S.L.\",\"url\":\"https:\/\/sitgeshosting.com\/diseno-web\/\",\"logo\":{\"@type\":\"ImageObject\",\"inLanguage\":\"es\",\"@id\":\"https:\/\/sitgeshosting.com\/diseno-web\/#\/schema\/logo\/image\/\",\"url\":\"https:\/\/sitgeshosting.com\/diseno-web\/wp-content\/uploads\/2018\/01\/logo-sitges-hosting-300x86.png\",\"contentUrl\":\"https:\/\/sitgeshosting.com\/diseno-web\/wp-content\/uploads\/2018\/01\/logo-sitges-hosting-300x86.png\",\"width\":300,\"height\":86,\"caption\":\"EFCOM S.L.\"},\"image\":{\"@id\":\"https:\/\/sitgeshosting.com\/diseno-web\/#\/schema\/logo\/image\/\"}}]}<\/script>\n<!-- \/ Yoast SEO plugin. -->","yoast_head_json":{"title":"CMS \u2013 Gestores de contenido - Dise\u00f1o de webs en Sitges","robots":{"index":"index","follow":"follow","max-snippet":"max-snippet:-1","max-image-preview":"max-image-preview:large","max-video-preview":"max-video-preview:-1"},"canonical":"https:\/\/sitgeshosting.com\/diseno-web\/cms-gestores-de-contenido\/","og_locale":"es_ES","og_type":"article","og_title":"CMS \u2013 Gestores de contenido - Dise\u00f1o de webs en Sitges","og_description":"WORDPRESS &#8211; WOO COMMERCE Contenido de la web\u00a0auto gestionable\u00a0por el usuario. Podr\u00e1 publicar noticias, im\u00e1genes, foros, encuestas y gestionar todo el contenido [&hellip;]","og_url":"https:\/\/sitgeshosting.com\/diseno-web\/cms-gestores-de-contenido\/","og_site_name":"Dise\u00f1o de webs en Sitges","article_modified_time":"2022-05-19T11:19:25+00:00","twitter_card":"summary_large_image","twitter_misc":{"Tiempo de lectura":"2 minutos"},"schema":{"@context":"https:\/\/schema.org","@graph":[{"@type":"WebPage","@id":"https:\/\/sitgeshosting.com\/diseno-web\/cms-gestores-de-contenido\/","url":"https:\/\/sitgeshosting.com\/diseno-web\/cms-gestores-de-contenido\/","name":"CMS \u2013 Gestores de contenido - Dise\u00f1o de webs en Sitges","isPartOf":{"@id":"https:\/\/sitgeshosting.com\/diseno-web\/#website"},"datePublished":"2017-11-12T19:34:30+00:00","dateModified":"2022-05-19T11:19:25+00:00","breadcrumb":{"@id":"https:\/\/sitgeshosting.com\/diseno-web\/cms-gestores-de-contenido\/#breadcrumb"},"inLanguage":"es","potentialAction":[{"@type":"ReadAction","target":["https:\/\/sitgeshosting.com\/diseno-web\/cms-gestores-de-contenido\/"]}]},{"@type":"BreadcrumbList","@id":"https:\/\/sitgeshosting.com\/diseno-web\/cms-gestores-de-contenido\/#breadcrumb","itemListElement":[{"@type":"ListItem","position":1,"name":"Portada","item":"https:\/\/sitgeshosting.com\/diseno-web\/"},{"@type":"ListItem","position":2,"name":"CMS \u2013 Gestores de contenido"}]},{"@type":"WebSite","@id":"https:\/\/sitgeshosting.com\/diseno-web\/#website","url":"https:\/\/sitgeshosting.com\/diseno-web\/","name":"Dise\u00f1o de webs en Sitges","description":"678445830 - Marqueting SEO-SEM","publisher":{"@id":"https:\/\/sitgeshosting.com\/diseno-web\/#organization"},"potentialAction":[{"@type":"SearchAction","target":{"@type":"EntryPoint","urlTemplate":"https:\/\/sitgeshosting.com\/diseno-web\/?s={search_term_string}"},"query-input":{"@type":"PropertyValueSpecification","valueRequired":true,"valueName":"search_term_string"}}],"inLanguage":"es"},{"@type":"Organization","@id":"https:\/\/sitgeshosting.com\/diseno-web\/#organization","name":"EFCOM S.L.","url":"https:\/\/sitgeshosting.com\/diseno-web\/","logo":{"@type":"ImageObject","inLanguage":"es","@id":"https:\/\/sitgeshosting.com\/diseno-web\/#\/schema\/logo\/image\/","url":"https:\/\/sitgeshosting.com\/diseno-web\/wp-content\/uploads\/2018\/01\/logo-sitges-hosting-300x86.png","contentUrl":"https:\/\/sitgeshosting.com\/diseno-web\/wp-content\/uploads\/2018\/01\/logo-sitges-hosting-300x86.png","width":300,"height":86,"caption":"EFCOM S.L."},"image":{"@id":"https:\/\/sitgeshosting.com\/diseno-web\/#\/schema\/logo\/image\/"}}]}},"_links":{"self":[{"href":"https:\/\/sitgeshosting.com\/diseno-web\/wp-json\/wp\/v2\/pages\/13312","targetHints":{"allow":["GET"]}}],"collection":[{"href":"https:\/\/sitgeshosting.com\/diseno-web\/wp-json\/wp\/v2\/pages"}],"about":[{"href":"https:\/\/sitgeshosting.com\/diseno-web\/wp-json\/wp\/v2\/types\/page"}],"author":[{"embeddable":true,"href":"https:\/\/sitgeshosting.com\/diseno-web\/wp-json\/wp\/v2\/users\/1"}],"replies":[{"embeddable":true,"href":"https:\/\/sitgeshosting.com\/diseno-web\/wp-json\/wp\/v2\/comments?post=13312"}],"version-history":[{"count":1,"href":"https:\/\/sitgeshosting.com\/diseno-web\/wp-json\/wp\/v2\/pages\/13312\/revisions"}],"predecessor-version":[{"id":13846,"href":"https:\/\/sitgeshosting.com\/diseno-web\/wp-json\/wp\/v2\/pages\/13312\/revisions\/13846"}],"wp:attachment":[{"href":"https:\/\/sitgeshosting.com\/diseno-web\/wp-json\/wp\/v2\/media?parent=13312"}],"curies":[{"name":"wp","href":"https:\/\/api.w.org\/{rel}","templated":true}]}}