{"id":13466,"date":"2017-12-08T13:12:31","date_gmt":"2017-12-08T13:12:31","guid":{"rendered":"https:\/\/sitgeshosting.com\/diseno-web\/?page_id=13466"},"modified":"2017-12-25T20:55:03","modified_gmt":"2017-12-25T20:55:03","slug":"diseno-web-sant-pere-ribes","status":"publish","type":"page","link":"https:\/\/sitgeshosting.com\/diseno-web\/diseno-web-sant-pere-ribes\/","title":{"rendered":"Dise\u00f1o web Sant Pere de Ribes"},"content":{"rendered":"\t\t<div data-elementor-type=\"wp-post\" data-elementor-id=\"13466\" class=\"elementor elementor-13466 elementor-bc-flex-widget\">\n\t\t\t\t\t\t<section class=\"elementor-section elementor-top-section elementor-element elementor-element-2bd80d1 elementor-section-boxed elementor-section-height-default elementor-section-height-default\" data-id=\"2bd80d1\" data-element_type=\"section\">\n\t\t\t\t\t\t<div class=\"elementor-container elementor-column-gap-default\">\n\t\t\t\t\t<div class=\"elementor-column elementor-col-100 elementor-top-column elementor-element elementor-element-57fb0d56\" data-id=\"57fb0d56\" data-element_type=\"column\">\n\t\t\t<div class=\"elementor-widget-wrap elementor-element-populated\">\n\t\t\t\t\t\t<div class=\"elementor-element elementor-element-6a3eec1d elementor-widget elementor-widget-text-editor\" data-id=\"6a3eec1d\" data-element_type=\"widget\" data-widget_type=\"text-editor.default\">\n\t\t\t\t<div class=\"elementor-widget-container\">\n\t\t\t\t\t\t\t\t\t<h2>Dise\u00f1o web Sant Pere de Ribes<\/h2>\r\n<p style=\"text-align: left;\">Si necesita realizar una dise\u00f1o de web en Sitges o <strong>un proyecto Dise\u00f1o web Sant Pere de Ribes<\/strong>, tanto dentro de\u00a0<strong>Sant Pere de Ribes<\/strong> como hacia otras poblaciones de la provincia o a cualquier otro punto de la comarca, nuestro servicio es la opci\u00f3n m\u00e1s conveniente en precio, tiempo y calidad de atenci\u00f3n.<\/p>\r\n<p style=\"text-align: left;\">Realizamos <strong>desarrollos completos de webs<\/strong><strong> en\u00a0<\/strong><strong>Sant Pere de Ribes<\/strong> desde el a\u00f1o 1997 , contando as\u00ed con 20 a\u00f1os de experiencia y especializaci\u00f3n en el Dise\u00f1o de webs &#8211; Sitgeshosting en\u00a0<strong>Sant Pere de Ribes <\/strong>y en toda su gama de productos <strong>Dominio y Hospedaje web, Dise\u00f1o web autogestionable, Posicionamiento web Sant Pere de Ribes, Leyes LOPD y LSSI, Instalaci\u00f3n de c\u00f3digo SSL Sant Pere de Ribes, Who is privado, Confidencialidad de dominios, Etc&#8230;\u00a0<\/strong>, pudiendo realizar todo tipo de trabajos Todo esto en <strong>Sant Pere de Ribes<\/strong>.<\/p>\r\n<p style=\"text-align: left;\">Nuestro compromiso siempre se centra en poder brindarle un servicio verdaderamente profesional con la m\u00e1xima seriedad y puntualidad.<\/p>\r\n<p style=\"text-align: left;\">Nuestro servicio de\u00a0<strong>Dise\u00f1o web Sant Pere de Ribes<\/strong> incluye seguimiento del proyecto , clases particulares para gestionar tu propia web (bajo pedido).<\/p>\r\n<p style=\"text-align: left;\">Sabemos que un proyecto de desarrollo web es uno de los momentos m\u00e1s importantes y estresantes que una persona puede vivir ya que todo el proyecto es complejo y duro, por eso, podemos asesorarle y aconsejarle en las mejores soluciones de dise\u00f1o web y solucionar el problema r\u00e1pidamente, para que s\u00f3lo tenga que pensar en su puesta a punto posterior.<\/p>\r\n<p style=\"text-align: left;\">El personal est\u00e1 ampliamente capacitado y cuenta con la experiencia necesaria para este trabajo, puede confiar en nosotros para resolver su proyecto web <strong>Sitgeshosting en\u00a0<\/strong><strong>Sant Pere de Ribes<\/strong> de la forma m\u00e1s satisfactoria posible.<\/p>\r\n<p style=\"text-align: left;\">Solic\u00edtenos su presupuesto de forma gratuita y sin ning\u00fan tipo de compromiso, permiti\u00e9ndonos asesorarle en todos los detalles convenientes para su caso concreto, ya que cada\u00a0<strong>Dise\u00f1o web Sant Pere de Ribes<\/strong> es diferente, teniendo en cuenta el proyecto, los idiomas las imagenes y textos y su soluci\u00f3n final.<\/p>\r\n<p style=\"text-align: left;\">No dude en contactar con <strong>Sitgeshosting\u00a0<\/strong><strong>Sant Pere de Ribes<\/strong> para solucionar cualquier duda o problema t\u00e9cnico de su\u00a0<strong>Dise\u00f1o web Sant Pere de Ribes<\/strong> su hosting de confianza <strong>en Sant Pere de Ribes.<\/strong><\/p>\r\nSi necesita servivcio tecnico informatico en\u00a0<a href=\"https:\/\/sitgespc.com\/servicio-tecnico-informatico\/\" target=\"_blank\" rel=\"noopener\"><strong>Sant Pere de Ribes<\/strong> Consulte aqui<\/a>\r\n\r\nTodo lo referente a <a href=\"https:\/\/applesitges.com\/\" target=\"_blank\" rel=\"noopener\">Apple <strong>Sant Pere de Ribes<\/strong> consulte aqui<\/a>\r\n\r\n<figure id=\"attachment_571\" aria-describedby=\"caption-attachment-571\" style=\"width: 295px\" class=\"wp-caption aligncenter\"><a href=\"https:\/\/sitgeshosting.com\/diseno-web\/contacto-web-sitges\/\"><img fetchpriority=\"high\" decoding=\"async\" class=\"wp-image-571 size-full\" src=\"http:\/\/applesitges.com\/wp-content\/uploads\/2017\/06\/presupuesto-sin-compromiso-apple-sitges.jpg\" alt=\"Dise\u00f1o web Sant Pere de Ribes\" width=\"295\" height=\"251\" \/><\/a><figcaption id=\"caption-attachment-571\" class=\"wp-caption-text\">Dise\u00f1o web Sant Pere de Ribes<\/figcaption><\/figure>\r\n<p style=\"text-align: center;\"><iframe style=\"border: 0;\" src=\"https:\/\/www.google.com\/maps\/embed?pb=!1m18!1m12!1m3!1d95980.80736931879!2d1.7091413659846546!3d41.256620823636034!2m3!1f0!2f0!3f0!3m2!1i1024!2i768!4f13.1!3m3!1m2!1s0x12a38090a38e14eb%3A0x400fae021a41050!2sSan+Pedro+de+Ribas%2C+Barcelona!5e0!3m2!1ses!2ses!4v1498044554847\" width=\"800\" height=\"450\" frameborder=\"0\" allowfullscreen=\"allowfullscreen\"><\/iframe><\/p>\t\t\t\t\t\t\t\t<\/div>\n\t\t\t\t<\/div>\n\t\t\t\t\t<\/div>\n\t\t<\/div>\n\t\t\t\t\t<\/div>\n\t\t<\/section>\n\t\t\t\t<section class=\"elementor-section elementor-top-section elementor-element elementor-element-e1ae5f6 elementor-section-boxed elementor-section-height-default elementor-section-height-default\" data-id=\"e1ae5f6\" data-element_type=\"section\">\n\t\t\t\t\t\t<div class=\"elementor-container elementor-column-gap-default\">\n\t\t\t\t\t<div class=\"elementor-column elementor-col-33 elementor-top-column elementor-element elementor-element-977db07\" data-id=\"977db07\" data-element_type=\"column\">\n\t\t\t<div class=\"elementor-widget-wrap elementor-element-populated\">\n\t\t\t\t\t\t<div class=\"elementor-element elementor-element-fcef46f elementor-widget elementor-widget-image\" data-id=\"fcef46f\" data-element_type=\"widget\" data-widget_type=\"image.default\">\n\t\t\t\t<div class=\"elementor-widget-container\">\n\t\t\t\t\t\t\t\t\t\t\t\t\t\t\t\t<a href=\"https:\/\/sitgespc.com\/servicio-tecnico-informatico\/\" target=\"_blank\">\n\t\t\t\t\t\t\t<img decoding=\"async\" width=\"1024\" height=\"591\" src=\"https:\/\/sitgeshosting.com\/diseno-web\/wp-content\/uploads\/2017\/12\/sitgs-pc-1024x591.png\" class=\"attachment-large size-large wp-image-13484\" alt=\"\" srcset=\"https:\/\/sitgeshosting.com\/diseno-web\/wp-content\/uploads\/2017\/12\/sitgs-pc-1024x591.png 1024w, https:\/\/sitgeshosting.com\/diseno-web\/wp-content\/uploads\/2017\/12\/sitgs-pc-300x173.png 300w, https:\/\/sitgeshosting.com\/diseno-web\/wp-content\/uploads\/2017\/12\/sitgs-pc-768x443.png 768w, https:\/\/sitgeshosting.com\/diseno-web\/wp-content\/uploads\/2017\/12\/sitgs-pc-830x479.png 830w, https:\/\/sitgeshosting.com\/diseno-web\/wp-content\/uploads\/2017\/12\/sitgs-pc-230x133.png 230w, https:\/\/sitgeshosting.com\/diseno-web\/wp-content\/uploads\/2017\/12\/sitgs-pc-350x202.png 350w, https:\/\/sitgeshosting.com\/diseno-web\/wp-content\/uploads\/2017\/12\/sitgs-pc-480x277.png 480w, https:\/\/sitgeshosting.com\/diseno-web\/wp-content\/uploads\/2017\/12\/sitgs-pc.png 1257w\" sizes=\"(max-width: 1024px) 100vw, 1024px\" \/>\t\t\t\t\t\t\t\t<\/a>\n\t\t\t\t\t\t\t\t\t\t\t\t\t\t\t<\/div>\n\t\t\t\t<\/div>\n\t\t\t\t\t<\/div>\n\t\t<\/div>\n\t\t\t\t<div class=\"elementor-column elementor-col-33 elementor-top-column elementor-element elementor-element-e1fda66\" data-id=\"e1fda66\" data-element_type=\"column\">\n\t\t\t<div class=\"elementor-widget-wrap elementor-element-populated\">\n\t\t\t\t\t\t<div class=\"elementor-element elementor-element-e2f1767 elementor-widget elementor-widget-image\" data-id=\"e2f1767\" data-element_type=\"widget\" data-widget_type=\"image.default\">\n\t\t\t\t<div class=\"elementor-widget-container\">\n\t\t\t\t\t\t\t\t\t\t\t\t\t\t\t\t<a href=\"https:\/\/applesitges.com\/\" target=\"_blank\">\n\t\t\t\t\t\t\t<img decoding=\"async\" width=\"360\" height=\"198\" src=\"https:\/\/sitgeshosting.com\/diseno-web\/wp-content\/uploads\/2017\/12\/applesitges-sitgespc.jpg\" class=\"attachment-large size-large wp-image-13483\" alt=\"\" srcset=\"https:\/\/sitgeshosting.com\/diseno-web\/wp-content\/uploads\/2017\/12\/applesitges-sitgespc.jpg 360w, https:\/\/sitgeshosting.com\/diseno-web\/wp-content\/uploads\/2017\/12\/applesitges-sitgespc-300x165.jpg 300w, https:\/\/sitgeshosting.com\/diseno-web\/wp-content\/uploads\/2017\/12\/applesitges-sitgespc-230x127.jpg 230w, https:\/\/sitgeshosting.com\/diseno-web\/wp-content\/uploads\/2017\/12\/applesitges-sitgespc-350x193.jpg 350w\" sizes=\"(max-width: 360px) 100vw, 360px\" \/>\t\t\t\t\t\t\t\t<\/a>\n\t\t\t\t\t\t\t\t\t\t\t\t\t\t\t<\/div>\n\t\t\t\t<\/div>\n\t\t\t\t\t<\/div>\n\t\t<\/div>\n\t\t\t\t<div class=\"elementor-column elementor-col-33 elementor-top-column elementor-element elementor-element-0e7e983\" data-id=\"0e7e983\" data-element_type=\"column\">\n\t\t\t<div class=\"elementor-widget-wrap elementor-element-populated\">\n\t\t\t\t\t\t<div class=\"elementor-element elementor-element-e2a754d elementor-widget elementor-widget-image\" data-id=\"e2a754d\" data-element_type=\"widget\" data-widget_type=\"image.default\">\n\t\t\t\t<div class=\"elementor-widget-container\">\n\t\t\t\t\t\t\t\t\t\t\t\t\t\t\t\t<a href=\"http:\/\/www.alquiler-proyector.com\/\" target=\"_blank\">\n\t\t\t\t\t\t\t<img loading=\"lazy\" decoding=\"async\" width=\"360\" height=\"200\" src=\"https:\/\/sitgeshosting.com\/diseno-web\/wp-content\/uploads\/2017\/12\/alquiler-proyector-sittgespc.jpg\" class=\"attachment-large size-large wp-image-13485\" alt=\"\" srcset=\"https:\/\/sitgeshosting.com\/diseno-web\/wp-content\/uploads\/2017\/12\/alquiler-proyector-sittgespc.jpg 360w, https:\/\/sitgeshosting.com\/diseno-web\/wp-content\/uploads\/2017\/12\/alquiler-proyector-sittgespc-300x167.jpg 300w, https:\/\/sitgeshosting.com\/diseno-web\/wp-content\/uploads\/2017\/12\/alquiler-proyector-sittgespc-230x128.jpg 230w, https:\/\/sitgeshosting.com\/diseno-web\/wp-content\/uploads\/2017\/12\/alquiler-proyector-sittgespc-350x194.jpg 350w\" sizes=\"(max-width: 360px) 100vw, 360px\" \/>\t\t\t\t\t\t\t\t<\/a>\n\t\t\t\t\t\t\t\t\t\t\t\t\t\t\t<\/div>\n\t\t\t\t<\/div>\n\t\t\t\t\t<\/div>\n\t\t<\/div>\n\t\t\t\t\t<\/div>\n\t\t<\/section>\n\t\t\t\t<\/div>\n\t\t","protected":false},"excerpt":{"rendered":"<p>Dise\u00f1o web Sant Pere de Ribes Si necesita realizar una dise\u00f1o de web en Sitges o un proyecto Dise\u00f1o web Sant Pere [&hellip;]<\/p>\n","protected":false},"author":1,"featured_media":0,"parent":0,"menu_order":0,"comment_status":"closed","ping_status":"closed","template":"","meta":{"footnotes":""},"class_list":["post-13466","page","type-page","status-publish","hentry"],"yoast_head":"<!-- This site is optimized with the Yoast SEO plugin v25.9 - https:\/\/yoast.com\/wordpress\/plugins\/seo\/ -->\n<title>Dise\u00f1o web Sant Pere de Ribes - Dise\u00f1o de webs en Sitges<\/title>\n<meta name=\"description\" content=\"Si necesita realizar un Dise\u00f1o web Sant Pere de Ribes o un proyecto web en Sitges como tambien hosting y dominio para su web Sitgeshosting mejor opci\u00f3n.\" \/>\n<meta name=\"robots\" content=\"index, follow, max-snippet:-1, max-image-preview:large, max-video-preview:-1\" \/>\n<link rel=\"canonical\" href=\"https:\/\/sitgeshosting.com\/diseno-web\/diseno-web-sant-pere-ribes\/\" \/>\n<meta property=\"og:locale\" content=\"es_ES\" \/>\n<meta property=\"og:type\" content=\"article\" \/>\n<meta property=\"og:title\" content=\"Dise\u00f1o web Sant Pere de Ribes - Dise\u00f1o de webs en Sitges\" \/>\n<meta property=\"og:description\" content=\"Si necesita realizar un Dise\u00f1o web Sant Pere de Ribes o un proyecto web en Sitges como tambien hosting y dominio para su web Sitgeshosting mejor opci\u00f3n.\" \/>\n<meta property=\"og:url\" content=\"https:\/\/sitgeshosting.com\/diseno-web\/diseno-web-sant-pere-ribes\/\" \/>\n<meta property=\"og:site_name\" content=\"Dise\u00f1o de webs en Sitges\" \/>\n<meta property=\"article:modified_time\" content=\"2017-12-25T20:55:03+00:00\" \/>\n<meta property=\"og:image\" content=\"http:\/\/applesitges.com\/wp-content\/uploads\/2017\/06\/presupuesto-sin-compromiso-apple-sitges.jpg\" \/>\n<meta name=\"twitter:card\" content=\"summary_large_image\" \/>\n<meta name=\"twitter:label1\" content=\"Tiempo de lectura\" \/>\n\t<meta name=\"twitter:data1\" content=\"2 minutos\" \/>\n<script type=\"application\/ld+json\" class=\"yoast-schema-graph\">{\"@context\":\"https:\/\/schema.org\",\"@graph\":[{\"@type\":\"WebPage\",\"@id\":\"https:\/\/sitgeshosting.com\/diseno-web\/diseno-web-sant-pere-ribes\/\",\"url\":\"https:\/\/sitgeshosting.com\/diseno-web\/diseno-web-sant-pere-ribes\/\",\"name\":\"Dise\u00f1o web Sant Pere de Ribes - Dise\u00f1o de webs en Sitges\",\"isPartOf\":{\"@id\":\"https:\/\/sitgeshosting.com\/diseno-web\/#website\"},\"primaryImageOfPage\":{\"@id\":\"https:\/\/sitgeshosting.com\/diseno-web\/diseno-web-sant-pere-ribes\/#primaryimage\"},\"image\":{\"@id\":\"https:\/\/sitgeshosting.com\/diseno-web\/diseno-web-sant-pere-ribes\/#primaryimage\"},\"thumbnailUrl\":\"http:\/\/applesitges.com\/wp-content\/uploads\/2017\/06\/presupuesto-sin-compromiso-apple-sitges.jpg\",\"datePublished\":\"2017-12-08T13:12:31+00:00\",\"dateModified\":\"2017-12-25T20:55:03+00:00\",\"description\":\"Si necesita realizar un Dise\u00f1o web Sant Pere de Ribes o un proyecto web en Sitges como tambien hosting y dominio para su web Sitgeshosting mejor opci\u00f3n.\",\"breadcrumb\":{\"@id\":\"https:\/\/sitgeshosting.com\/diseno-web\/diseno-web-sant-pere-ribes\/#breadcrumb\"},\"inLanguage\":\"es\",\"potentialAction\":[{\"@type\":\"ReadAction\",\"target\":[\"https:\/\/sitgeshosting.com\/diseno-web\/diseno-web-sant-pere-ribes\/\"]}]},{\"@type\":\"ImageObject\",\"inLanguage\":\"es\",\"@id\":\"https:\/\/sitgeshosting.com\/diseno-web\/diseno-web-sant-pere-ribes\/#primaryimage\",\"url\":\"http:\/\/applesitges.com\/wp-content\/uploads\/2017\/06\/presupuesto-sin-compromiso-apple-sitges.jpg\",\"contentUrl\":\"http:\/\/applesitges.com\/wp-content\/uploads\/2017\/06\/presupuesto-sin-compromiso-apple-sitges.jpg\"},{\"@type\":\"BreadcrumbList\",\"@id\":\"https:\/\/sitgeshosting.com\/diseno-web\/diseno-web-sant-pere-ribes\/#breadcrumb\",\"itemListElement\":[{\"@type\":\"ListItem\",\"position\":1,\"name\":\"Portada\",\"item\":\"https:\/\/sitgeshosting.com\/diseno-web\/\"},{\"@type\":\"ListItem\",\"position\":2,\"name\":\"Dise\u00f1o web Sant Pere de Ribes\"}]},{\"@type\":\"WebSite\",\"@id\":\"https:\/\/sitgeshosting.com\/diseno-web\/#website\",\"url\":\"https:\/\/sitgeshosting.com\/diseno-web\/\",\"name\":\"Dise\u00f1o de webs en Sitges\",\"description\":\"678445830 - Marqueting SEO-SEM\",\"publisher\":{\"@id\":\"https:\/\/sitgeshosting.com\/diseno-web\/#organization\"},\"potentialAction\":[{\"@type\":\"SearchAction\",\"target\":{\"@type\":\"EntryPoint\",\"urlTemplate\":\"https:\/\/sitgeshosting.com\/diseno-web\/?s={search_term_string}\"},\"query-input\":{\"@type\":\"PropertyValueSpecification\",\"valueRequired\":true,\"valueName\":\"search_term_string\"}}],\"inLanguage\":\"es\"},{\"@type\":\"Organization\",\"@id\":\"https:\/\/sitgeshosting.com\/diseno-web\/#organization\",\"name\":\"EFCOM S.L.\",\"url\":\"https:\/\/sitgeshosting.com\/diseno-web\/\",\"logo\":{\"@type\":\"ImageObject\",\"inLanguage\":\"es\",\"@id\":\"https:\/\/sitgeshosting.com\/diseno-web\/#\/schema\/logo\/image\/\",\"url\":\"https:\/\/sitgeshosting.com\/diseno-web\/wp-content\/uploads\/2018\/01\/logo-sitges-hosting-300x86.png\",\"contentUrl\":\"https:\/\/sitgeshosting.com\/diseno-web\/wp-content\/uploads\/2018\/01\/logo-sitges-hosting-300x86.png\",\"width\":300,\"height\":86,\"caption\":\"EFCOM S.L.\"},\"image\":{\"@id\":\"https:\/\/sitgeshosting.com\/diseno-web\/#\/schema\/logo\/image\/\"}}]}<\/script>\n<!-- \/ Yoast SEO plugin. -->","yoast_head_json":{"title":"Dise\u00f1o web Sant Pere de Ribes - Dise\u00f1o de webs en Sitges","description":"Si necesita realizar un Dise\u00f1o web Sant Pere de Ribes o un proyecto web en Sitges como tambien hosting y dominio para su web Sitgeshosting mejor opci\u00f3n.","robots":{"index":"index","follow":"follow","max-snippet":"max-snippet:-1","max-image-preview":"max-image-preview:large","max-video-preview":"max-video-preview:-1"},"canonical":"https:\/\/sitgeshosting.com\/diseno-web\/diseno-web-sant-pere-ribes\/","og_locale":"es_ES","og_type":"article","og_title":"Dise\u00f1o web Sant Pere de Ribes - Dise\u00f1o de webs en Sitges","og_description":"Si necesita realizar un Dise\u00f1o web Sant Pere de Ribes o un proyecto web en Sitges como tambien hosting y dominio para su web Sitgeshosting mejor opci\u00f3n.","og_url":"https:\/\/sitgeshosting.com\/diseno-web\/diseno-web-sant-pere-ribes\/","og_site_name":"Dise\u00f1o de webs en Sitges","article_modified_time":"2017-12-25T20:55:03+00:00","og_image":[{"url":"http:\/\/applesitges.com\/wp-content\/uploads\/2017\/06\/presupuesto-sin-compromiso-apple-sitges.jpg","type":"","width":"","height":""}],"twitter_card":"summary_large_image","twitter_misc":{"Tiempo de lectura":"2 minutos"},"schema":{"@context":"https:\/\/schema.org","@graph":[{"@type":"WebPage","@id":"https:\/\/sitgeshosting.com\/diseno-web\/diseno-web-sant-pere-ribes\/","url":"https:\/\/sitgeshosting.com\/diseno-web\/diseno-web-sant-pere-ribes\/","name":"Dise\u00f1o web Sant Pere de Ribes - Dise\u00f1o de webs en Sitges","isPartOf":{"@id":"https:\/\/sitgeshosting.com\/diseno-web\/#website"},"primaryImageOfPage":{"@id":"https:\/\/sitgeshosting.com\/diseno-web\/diseno-web-sant-pere-ribes\/#primaryimage"},"image":{"@id":"https:\/\/sitgeshosting.com\/diseno-web\/diseno-web-sant-pere-ribes\/#primaryimage"},"thumbnailUrl":"http:\/\/applesitges.com\/wp-content\/uploads\/2017\/06\/presupuesto-sin-compromiso-apple-sitges.jpg","datePublished":"2017-12-08T13:12:31+00:00","dateModified":"2017-12-25T20:55:03+00:00","description":"Si necesita realizar un Dise\u00f1o web Sant Pere de Ribes o un proyecto web en Sitges como tambien hosting y dominio para su web Sitgeshosting mejor opci\u00f3n.","breadcrumb":{"@id":"https:\/\/sitgeshosting.com\/diseno-web\/diseno-web-sant-pere-ribes\/#breadcrumb"},"inLanguage":"es","potentialAction":[{"@type":"ReadAction","target":["https:\/\/sitgeshosting.com\/diseno-web\/diseno-web-sant-pere-ribes\/"]}]},{"@type":"ImageObject","inLanguage":"es","@id":"https:\/\/sitgeshosting.com\/diseno-web\/diseno-web-sant-pere-ribes\/#primaryimage","url":"http:\/\/applesitges.com\/wp-content\/uploads\/2017\/06\/presupuesto-sin-compromiso-apple-sitges.jpg","contentUrl":"http:\/\/applesitges.com\/wp-content\/uploads\/2017\/06\/presupuesto-sin-compromiso-apple-sitges.jpg"},{"@type":"BreadcrumbList","@id":"https:\/\/sitgeshosting.com\/diseno-web\/diseno-web-sant-pere-ribes\/#breadcrumb","itemListElement":[{"@type":"ListItem","position":1,"name":"Portada","item":"https:\/\/sitgeshosting.com\/diseno-web\/"},{"@type":"ListItem","position":2,"name":"Dise\u00f1o web Sant Pere de Ribes"}]},{"@type":"WebSite","@id":"https:\/\/sitgeshosting.com\/diseno-web\/#website","url":"https:\/\/sitgeshosting.com\/diseno-web\/","name":"Dise\u00f1o de webs en Sitges","description":"678445830 - Marqueting SEO-SEM","publisher":{"@id":"https:\/\/sitgeshosting.com\/diseno-web\/#organization"},"potentialAction":[{"@type":"SearchAction","target":{"@type":"EntryPoint","urlTemplate":"https:\/\/sitgeshosting.com\/diseno-web\/?s={search_term_string}"},"query-input":{"@type":"PropertyValueSpecification","valueRequired":true,"valueName":"search_term_string"}}],"inLanguage":"es"},{"@type":"Organization","@id":"https:\/\/sitgeshosting.com\/diseno-web\/#organization","name":"EFCOM S.L.","url":"https:\/\/sitgeshosting.com\/diseno-web\/","logo":{"@type":"ImageObject","inLanguage":"es","@id":"https:\/\/sitgeshosting.com\/diseno-web\/#\/schema\/logo\/image\/","url":"https:\/\/sitgeshosting.com\/diseno-web\/wp-content\/uploads\/2018\/01\/logo-sitges-hosting-300x86.png","contentUrl":"https:\/\/sitgeshosting.com\/diseno-web\/wp-content\/uploads\/2018\/01\/logo-sitges-hosting-300x86.png","width":300,"height":86,"caption":"EFCOM S.L."},"image":{"@id":"https:\/\/sitgeshosting.com\/diseno-web\/#\/schema\/logo\/image\/"}}]}},"_links":{"self":[{"href":"https:\/\/sitgeshosting.com\/diseno-web\/wp-json\/wp\/v2\/pages\/13466","targetHints":{"allow":["GET"]}}],"collection":[{"href":"https:\/\/sitgeshosting.com\/diseno-web\/wp-json\/wp\/v2\/pages"}],"about":[{"href":"https:\/\/sitgeshosting.com\/diseno-web\/wp-json\/wp\/v2\/types\/page"}],"author":[{"embeddable":true,"href":"https:\/\/sitgeshosting.com\/diseno-web\/wp-json\/wp\/v2\/users\/1"}],"replies":[{"embeddable":true,"href":"https:\/\/sitgeshosting.com\/diseno-web\/wp-json\/wp\/v2\/comments?post=13466"}],"version-history":[{"count":5,"href":"https:\/\/sitgeshosting.com\/diseno-web\/wp-json\/wp\/v2\/pages\/13466\/revisions"}],"predecessor-version":[{"id":13509,"href":"https:\/\/sitgeshosting.com\/diseno-web\/wp-json\/wp\/v2\/pages\/13466\/revisions\/13509"}],"wp:attachment":[{"href":"https:\/\/sitgeshosting.com\/diseno-web\/wp-json\/wp\/v2\/media?parent=13466"}],"curies":[{"name":"wp","href":"https:\/\/api.w.org\/{rel}","templated":true}]}}